{"id":12,"date":"2018-04-30T19:29:15","date_gmt":"2018-04-30T19:29:15","guid":{"rendered":"https:\/\/4amsaatchi.com\/?page_id=12"},"modified":"2019-02-06T23:13:10","modified_gmt":"2019-02-06T23:13:10","slug":"contact","status":"publish","type":"page","link":"https:\/\/4amsaatchi.com\/panama\/contact\/","title":{"rendered":"Contact"},"content":{"rendered":"<div class=\"mp-row-fluid motopress-row mp-row-fullwidth mpce-prvt-12-5af3005c8d252 mpce-dsbl-margin-left mpce-dsbl-margin-right\">\n<div class=\"motopress-clmn mp-span12  mpce-dsbl-margin-left mpce-dsbl-margin-right\">\n<div class=\"mp-row-fluid motopress-row mpce-dsbl-margin-left mpce-dsbl-margin-right\">\n<div class=\"motopress-clmn mp-span12 mpce-dsbl-margin-left mpce-dsbl-margin-right\">\n<div class=\"motopress-code-obj motopress-margin-top-10\">\n<div class=\"col-md-6 col-sm-6 col-xs-12 text-center\"><img decoding=\"async\" class=\"alignnone size-full wp-image-66\" src=\"https:\/\/4amsaatchi.com\/wp-content\/uploads\/sites\/8\/2018\/05\/mano.png\" alt=\"\" height=\"450\" srcset=\"https:\/\/4amsaatchi.com\/panama\/wp-content\/uploads\/sites\/8\/2018\/05\/mano.png 735w, https:\/\/4amsaatchi.com\/panama\/wp-content\/uploads\/sites\/8\/2018\/05\/mano-248x300.png 248w\" sizes=\"(max-width: 735px) 100vw, 735px\" \/><\/div>\n<div class=\"col-md-6 col-sm-6 col-xs-12 text-center\">\n<h4 class=\"title-news-negro margin-top\"><img decoding=\"async\" class=\"alignnone size-full wp-image-329\" src=\"https:\/\/4amsaatchi.com\/wp-content\/uploads\/sites\/8\/2018\/05\/rayo-rojo.svg\" alt=\"\" height=\"40px\" \/>CONTACTO<a href=\"https:\/\/4amsaatchi.com\/wp-content\/uploads\/sites\/8\/2018\/05\/rayo.svg\"><img decoding=\"async\" class=\"alignnone size-full wp-image-329\" src=\"https:\/\/4amsaatchi.com\/wp-content\/uploads\/sites\/8\/2018\/05\/rayo-rojo.svg\" alt=\"\" \/><\/a><\/h4>\n\n<div class=\"wpcf7 no-js\" id=\"wpcf7-f390-o1\" lang=\"es-ES\" dir=\"ltr\">\n<div class=\"screen-reader-response\"><p role=\"status\" aria-live=\"polite\" aria-atomic=\"true\"><\/p> <ul><\/ul><\/div>\n<form action=\"\/panama\/wp-json\/wp\/v2\/pages\/12#wpcf7-f390-o1\" method=\"post\" class=\"wpcf7-form init\" aria-label=\"Formulario de contacto\" novalidate=\"novalidate\" data-status=\"init\">\n<div style=\"display: none;\">\n<input type=\"hidden\" name=\"_wpcf7\" value=\"390\" \/>\n<input type=\"hidden\" name=\"_wpcf7_version\" value=\"5.9.2\" \/>\n<input type=\"hidden\" name=\"_wpcf7_locale\" value=\"es_ES\" \/>\n<input type=\"hidden\" name=\"_wpcf7_unit_tag\" value=\"wpcf7-f390-o1\" \/>\n<input type=\"hidden\" name=\"_wpcf7_container_post\" value=\"0\" \/>\n<input type=\"hidden\" name=\"_wpcf7_posted_data_hash\" value=\"\" \/>\n<input type=\"hidden\" name=\"_wpcf7_recaptcha_response\" value=\"\" \/>\n<\/div>\n<div class=\"contacto-home contact-form\">\n\t<div class=\"col-md-12\">\n\t\t<p><span class=\"wpcf7-form-control-wrap\" data-name=\"your-name\"><input size=\"40\" class=\"wpcf7-form-control wpcf7-text wpcf7-validates-as-required\" aria-required=\"true\" aria-invalid=\"false\" placeholder=\"Nombre\" value=\"\" type=\"text\" name=\"your-name\" \/><\/span>\n\t\t<\/p>\n\t<\/div>\n\t<div class=\"col-md-12\">\n\t\t<p><span class=\"wpcf7-form-control-wrap\" data-name=\"your-email\"><input size=\"40\" class=\"wpcf7-form-control wpcf7-email wpcf7-validates-as-required wpcf7-text wpcf7-validates-as-email\" aria-required=\"true\" aria-invalid=\"false\" placeholder=\"Correo Electr\u00f3nico\" value=\"\" type=\"email\" name=\"your-email\" \/><\/span>\n\t\t<\/p>\n\t<\/div>\n\t<div class=\"col-md-12\">\n\t\t<p><span class=\"wpcf7-form-control-wrap\" data-name=\"your-message\"><textarea cols=\"40\" rows=\"10\" class=\"wpcf7-form-control wpcf7-textarea\" aria-invalid=\"false\" placeholder=\"Mensaje\" name=\"your-message\"><\/textarea><\/span>\n\t\t<\/p>\n\t<\/div>\n\t<div class=\"btn-enviar\">\n\t\t<p><input class=\"wpcf7-form-control wpcf7-submit has-spinner\" type=\"submit\" value=\"Enviar\" \/>\n\t\t<\/p>\n\t<\/div>\n<\/div><div class=\"wpcf7-response-output\" aria-hidden=\"true\"><\/div>\n<\/form>\n<\/div>\n\n<\/div>\n<\/div>\n<\/div>\n<\/div>\n<div class=\"mp-row-fluid motopress-row mpce-dsbl-margin-left mpce-dsbl-margin-right\">\n<div class=\"motopress-clmn mp-span12 mpce-prvt-12-5af32d064217f mpce-dsbl-margin-left mpce-dsbl-margin-right  motopress-space\">\n<div class=\"motopress-space-obj mpce-dsbl-background-image-type mpce-dsbl-background-image mpce-dsbl-background-gradient mpce-dsbl-background-position mpce-dsbl-background-position-x mpce-dsbl-background-position-y mpce-dsbl-background-repeat mpce-dsbl-background-size mpce-dsbl-background-attachment mpce-dsbl-margin-left mpce-dsbl-margin-right mpce-dsbl-background-color mpce-dsbl-border-top-width mpce-dsbl-border-bottom-width mpce-dsbl-border-left-width mpce-dsbl-border-right-width mpce-dsbl-border-top-left-radius mpce-dsbl-border-top-right-radius mpce-dsbl-border-bottom-left-radius mpce-dsbl-border-bottom-right-radius mpce-dsbl-border-style mpce-dsbl-border-color mpce-dsbl-padding-left mpce-dsbl-padding-right mpce-dsbl-margin-top mpce-dsbl-margin-bottom mpce-dsbl-color motopress-margin-top-25\"  data-min-height=\"0\"><div><\/div><\/div>\n<\/div>\n<\/div>\n<\/div>\n<\/div>\n<div class=\"mp-row-fluid motopress-row mpce-dsbl-margin-left mpce-dsbl-margin-right\">\n<div class=\"motopress-clmn mp-span12  mpce-dsbl-margin-left mpce-dsbl-margin-right\">\n<div class=\"mp-row-fluid motopress-row mpce-dsbl-margin-left mpce-dsbl-margin-right\">\n<div class=\"motopress-clmn mp-span12 mpce-dsbl-margin-left mpce-dsbl-margin-right\">\n<div class=\"motopress-code-obj motopress-margin-top-10\">\n<div class=\"col-lg-4 col-md-4 col-sm-6 col-xs-12 text-center\">\n<h2 class=\"title-news-negro margin-top titulo-ciudad\">Panam\u00e1<\/h2>\n<div class=\"barra-roja\">\u00a0<\/div>\n<p><span class=\"direccion-tel\">DIRECCI\u00d3N:<\/span><br \/><span class=\"ubicacion-numero\"><br \/>Av. La Rotonda, Edif. PH Castellammare, Ap. 22F<\/span><br \/><span class=\"ubicacion-numero\"><br \/>Costa Este, Panam\u00e1.<br \/><\/span><br \/><span class=\"direccion-tel\">TEL\u00c9FONO:<\/span><br \/><span class=\"ubicacion-numero\"><br \/>+507 388 0192<br \/><\/span><\/p>\n<\/div>\n<div class=\"col-lg-4 col-md-4 col-sm-6 col-xs-12 text-center\">\n<h2 class=\"title-news-negro margin-top titulo-ciudad\">Guatemala<\/h2>\n<div class=\"barra-roja\">\u00a0<\/div>\n<p><span class=\"direccion-tel\">DIRECCI\u00d3N:<\/span><br \/><span class=\"ubicacion-numero\"><br \/>4am\u00a0Saatchi &amp; Saatchi<br \/>16 Calle, 1-01 Z.10 C.C. Pza.Obelisco Loc. 18A<\/span><br \/><span class=\"ubicacion-numero\"><br \/>Guatemala<br \/><\/span><br \/><span class=\"direccion-tel\">TEL\u00c9FONO:<\/span><br \/><span class=\"ubicacion-numero\"><br \/>+502 2429 1111<br \/><\/span><\/p>\n<\/div>\n<div class=\"col-lg-4 col-md-4 col-sm-6 col-xs-12 text-center\">\n<h2 class=\"title-news-negro margin-top titulo-ciudad\">Honduras<\/h2>\n<div class=\"barra-roja\">\u00a0<\/div>\n<p><span class=\"direccion-tel\">DIRECCI\u00d3N:<\/span><br \/><span class=\"ubicacion-numero\"><br \/>Blvd. Suyapa,<br \/>Edif. \u00a0Metr\u00f3polis, T2 Local 22106<\/span><br \/><span class=\"ubicacion-numero\"><br \/>Tegucigalpa, Honduras<br \/><\/span><br \/><span class=\"direccion-tel\">TEL\u00c9FONO:<\/span><br \/><span class=\"ubicacion-numero\"><br \/>+504\u00a02275 9995\/96<br \/><\/span><\/p>\n<\/div>\n<div class=\"col-lg-4 col-md-4 col-sm-6 col-xs-12 text-center\">\n<h2 class=\"title-news-negro margin-top titulo-ciudad\">Costa Rica<\/h2>\n<div class=\"barra-roja\">\u00a0<\/div>\n<p><span class=\"direccion-tel\">DIRECCI\u00d3N:<\/span><br \/><span class=\"ubicacion-numero\"><br \/>Parque Industrial Condal Tib\u00e1s,<\/span><br \/><span class=\"ubicacion-numero\"><br \/>Bodega #7<br \/><\/span><br \/><span class=\"direccion-tel\">TEL\u00c9FONO:<\/span><br \/><span class=\"ubicacion-numero\"><br \/>+506 22350444<br \/><\/span><\/p>\n<\/div>\n<p><!--<\/p>\n\n\n\n\n<div class=\"col-lg-offset-2 col-md-offset-2 col-sm-offset-0 col-xs-offset-0 col-lg-4 col-md-4 col-sm-6 col-xs-12 text-center\">\n\n\n<h2 class=\"title-news-negro margin-top titulo-ciudad\">El Salvador<\/h2>\n\n\n\n\n<div class=\"barra-roja\"><\/div>\n\n\n\n\n<p><span class=\"direccion-tel\">DIRECCI\u00d3N:<\/span><br \/>\n<span class=\"ubicacion-numero\"><br \/>\nFinal Calle La Mascota #5215<\/span><br \/>\n<span class=\"ubicacion-numero\"><br \/>\nSan Salvador, EL Salvador<br \/>\n<\/span><br \/>\n<span class=\"direccion-tel\">TEL\u00c9FONO:<\/span><br \/>\n<span class=\"ubicacion-numero\"><br \/>\n+503 2263 4999<br \/>\n<\/span><\/div>\n\n\n\n\n<p>--><\/p>\n<\/div>\n<\/div>\n<\/div>\n<div class=\"mp-row-fluid motopress-row mpce-dsbl-margin-left mpce-dsbl-margin-right\">\n<div class=\"motopress-clmn mp-span12 mpce-prvt-12-5af32d064217f mpce-dsbl-margin-left mpce-dsbl-margin-right  motopress-space\">\n<div class=\"motopress-space-obj mpce-dsbl-background-image-type mpce-dsbl-background-image mpce-dsbl-background-gradient mpce-dsbl-background-position mpce-dsbl-background-position-x mpce-dsbl-background-position-y mpce-dsbl-background-repeat mpce-dsbl-background-size mpce-dsbl-background-attachment mpce-dsbl-margin-left mpce-dsbl-margin-right mpce-dsbl-background-color mpce-dsbl-border-top-width mpce-dsbl-border-bottom-width mpce-dsbl-border-left-width mpce-dsbl-border-right-width mpce-dsbl-border-top-left-radius mpce-dsbl-border-top-right-radius mpce-dsbl-border-bottom-left-radius mpce-dsbl-border-bottom-right-radius mpce-dsbl-border-style mpce-dsbl-border-color mpce-dsbl-padding-left mpce-dsbl-padding-right mpce-dsbl-margin-top mpce-dsbl-margin-bottom mpce-dsbl-color\"  data-min-height=\"0\"><div><\/div><\/div>\n<\/div>\n<\/div>\n<\/div>\n<\/div>\n<div class=\"mp-row-fluid motopress-row mp-row-fullwidth-content mpce-dsbl-margin-left mpce-dsbl-margin-right\">\n<div class=\"motopress-clmn mp-span12  mpce-dsbl-margin-left mpce-dsbl-margin-right\">\n<div class=\"barra-larga\"><\/div>\n<style>.gm-style-iw { line-height: inherit !important;}<\/style><div class=\"wpgmp_map_container wpgmp-map-1\" rel=\"map1\" data-plugin-version=\"4.6.9\"><div class=\"wpgmp_map_parent\"><div class=\"wpgmp_map \" style=\"width:100%; height:450px;\" id=\"map1\" data-map-id=\"1\"><\/div><\/div><\/div><script id=\"script-map-data-1\">jQuery(document).ready(function($){ window.wpgmp = window.wpgmp || {}; window.wpgmp.mapdata1 = \"eyJtYXBfb3B0aW9ucyI6eyJjZW50ZXJfbGF0IjoiMTIuMDMwNzM5OSIsImNlbnRlcl9sbmciOiItODYuNTk4NDcwMSIsInpvb20iOjYsIm1hcF90eXBlX2lkIjoiUk9BRE1BUCIsImZpdF9ib3VuZHMiOmZhbHNlLCJkcmFnZ2FibGUiOmZhbHNlLCJzY3JvbGxfd2hlZWwiOnRydWUsImRpc3BsYXlfNDVfaW1hZ2VyeSI6IiIsIm1hcmtlcl9kZWZhdWx0X2ljb24iOiJodHRwczpcL1wvNGFtc2FhdGNoaS5jb21cL3BhbmFtYVwvd3AtY29udGVudFwvdXBsb2Fkc1wvc2l0ZXNcLzhcLzIwMTlcLzAyXC9zcG90bGlnaHQtcG9pMi02LnBuZyIsImluZm93aW5kb3dfc2V0dGluZyI6IiIsImluZm93aW5kb3dfYm91bmNlX2FuaW1hdGlvbiI6IiIsImluZm93aW5kb3dfZHJvcF9hbmltYXRpb24iOmZhbHNlLCJjbG9zZV9pbmZvd2luZG93X29uX21hcF9jbGljayI6ZmFsc2UsImluZm93aW5kb3dfc2tpbiI6IiIsImRlZmF1bHRfaW5mb3dpbmRvd19vcGVuIjpmYWxzZSwiaW5mb3dpbmRvd19vcGVuX2V2ZW50IjoiY2xpY2siLCJmdWxsX3NjcmVlbl9jb250cm9sIjp0cnVlLCJzZWFyY2hfY29udHJvbCI6dHJ1ZSwiem9vbV9jb250cm9sIjp0cnVlLCJtYXBfdHlwZV9jb250cm9sIjp0cnVlLCJzdHJlZXRfdmlld19jb250cm9sIjp0cnVlLCJmdWxsX3NjcmVlbl9jb250cm9sX3Bvc2l0aW9uIjoiVE9QX1JJR0hUIiwic2VhcmNoX2NvbnRyb2xfcG9zaXRpb24iOiJUT1BfTEVGVCIsInpvb21fY29udHJvbF9wb3NpdGlvbiI6IlRPUF9MRUZUIiwibWFwX3R5cGVfY29udHJvbF9wb3NpdGlvbiI6IlRPUF9SSUdIVCIsIm1hcF90eXBlX2NvbnRyb2xfc3R5bGUiOiJIT1JJWk9OVEFMX0JBUiIsInN0cmVldF92aWV3X2NvbnRyb2xfcG9zaXRpb24iOiJUT1BfTEVGVCIsIm1hcF9jb250cm9sIjp0cnVlLCJtYXBfY29udHJvbF9zZXR0aW5ncyI6ZmFsc2UsIm1hcF96b29tX2FmdGVyX3NlYXJjaCI6Niwid2lkdGgiOiIxMDAlIiwiaGVpZ2h0IjoiNDUwIn0sInBsYWNlcyI6W3siaWQiOiIxIiwidGl0bGUiOiJHdWF0ZW1hbGEiLCJhZGRyZXNzIjoiR3VhdGVtYWxhIiwic291cmNlIjoibWFudWFsIiwiY29udGVudCI6Ikd1YXRlbWFsYSIsImxvY2F0aW9uIjp7Imljb24iOiJodHRwczpcL1wvNGFtc2FhdGNoaS5jb21cL3BhbmFtYVwvd3AtY29udGVudFwvdXBsb2Fkc1wvc2l0ZXNcLzhcLzIwMTlcLzAyXC9zcG90bGlnaHQtcG9pMi02LnBuZyIsImxhdCI6IjE0LjYxNzI3NzUwOTE1MzA3IiwibG5nIjoiLTkwLjQ3MjQ1ODIxODc0OTk4IiwiY2l0eSI6Ikd1YXRlbWFsYSIsInN0YXRlIjoiR3VhdGVtYWxhIiwiY291bnRyeSI6Ikd1YXRlbWFsYSIsIm9uY2xpY2tfYWN0aW9uIjoibWFya2VyIiwicmVkaXJlY3RfY3VzdG9tX2xpbmsiOiIiLCJtYXJrZXJfaW1hZ2UiOiIiLCJvcGVuX25ld190YWIiOiJ5ZXMiLCJwb3N0YWxfY29kZSI6IiIsImRyYWdnYWJsZSI6ZmFsc2UsImluZm93aW5kb3dfZGVmYXVsdF9vcGVuIjpmYWxzZSwiYW5pbWF0aW9uIjoiQk9VTkNFIiwiaW5mb3dpbmRvd19kaXNhYmxlIjp0cnVlLCJ6b29tIjo1LCJleHRyYV9maWVsZHMiOiIifSwiY2F0ZWdvcmllcyI6W10sImN1c3RvbV9maWx0ZXJzIjoiIn0seyJpZCI6IjIiLCJ0aXRsZSI6IkhvbmR1cmFzIiwiYWRkcmVzcyI6IkhvbmR1cmFzIiwic291cmNlIjoibWFudWFsIiwiY29udGVudCI6IkhvbmR1cmFzIiwibG9jYXRpb24iOnsiaWNvbiI6Imh0dHBzOlwvXC80YW1zYWF0Y2hpLmNvbVwvcGFuYW1hXC93cC1jb250ZW50XC91cGxvYWRzXC9zaXRlc1wvOFwvMjAxOVwvMDJcL3Nwb3RsaWdodC1wb2kyLTYucG5nIiwibGF0IjoiMTQuMDczMjYxMDYxOTg5Mzc2IiwibG5nIjoiLTg3LjE2NDc1NjU2MjQ5OTk3IiwiY2l0eSI6IlRlZ3VjaWdhbHBhIiwic3RhdGUiOiJEZXBhcnRhbWVudG8gZGUgRnJhbmNpc2NvIE1vcmF6XHUwMGUxbiIsImNvdW50cnkiOiJIb25kdXJhcyIsIm9uY2xpY2tfYWN0aW9uIjoibWFya2VyIiwicmVkaXJlY3RfY3VzdG9tX2xpbmsiOiIiLCJtYXJrZXJfaW1hZ2UiOiIiLCJvcGVuX25ld190YWIiOiJ5ZXMiLCJwb3N0YWxfY29kZSI6IiIsImRyYWdnYWJsZSI6ZmFsc2UsImluZm93aW5kb3dfZGVmYXVsdF9vcGVuIjpmYWxzZSwiYW5pbWF0aW9uIjoiQk9VTkNFIiwiaW5mb3dpbmRvd19kaXNhYmxlIjp0cnVlLCJ6b29tIjo1LCJleHRyYV9maWVsZHMiOiIifSwiY2F0ZWdvcmllcyI6W10sImN1c3RvbV9maWx0ZXJzIjoiIn0seyJpZCI6IjMiLCJ0aXRsZSI6IkNvc3RhIFJpY2EiLCJhZGRyZXNzIjoiQ29zdGEgUmljYSIsInNvdXJjZSI6Im1hbnVhbCIsImNvbnRlbnQiOiJDb3N0YSBSaWNhIiwibG9jYXRpb24iOnsiaWNvbiI6Imh0dHBzOlwvXC80YW1zYWF0Y2hpLmNvbVwvcGFuYW1hXC93cC1jb250ZW50XC91cGxvYWRzXC9zaXRlc1wvOFwvMjAxOVwvMDJcL3Nwb3RsaWdodC1wb2kyLTYucG5nIiwibGF0IjoiOS45Mjc1MjU1NDAyNzY4NyIsImxuZyI6Ii04NC4wODMwMTc4NDM3NDk5OSIsImNpdHkiOiJEZXNhbXBhcmFkb3MiLCJzdGF0ZSI6IlNhbiBKb3NcdTAwZTkiLCJjb3VudHJ5IjoiQ29zdGEgUmljYSIsIm9uY2xpY2tfYWN0aW9uIjoibWFya2VyIiwicmVkaXJlY3RfY3VzdG9tX2xpbmsiOiIiLCJtYXJrZXJfaW1hZ2UiOiIiLCJvcGVuX25ld190YWIiOiJ5ZXMiLCJwb3N0YWxfY29kZSI6IiIsImRyYWdnYWJsZSI6ZmFsc2UsImluZm93aW5kb3dfZGVmYXVsdF9vcGVuIjpmYWxzZSwiYW5pbWF0aW9uIjoiQk9VTkNFIiwiaW5mb3dpbmRvd19kaXNhYmxlIjp0cnVlLCJ6b29tIjo1LCJleHRyYV9maWVsZHMiOiIifSwiY2F0ZWdvcmllcyI6W10sImN1c3RvbV9maWx0ZXJzIjoiIn0seyJpZCI6IjQiLCJ0aXRsZSI6IlBhbmFtYSIsImFkZHJlc3MiOiJQYW5hbWEiLCJzb3VyY2UiOiJtYW51YWwiLCJjb250ZW50IjoiUGFuYW1hIiwibG9jYXRpb24iOnsiaWNvbiI6Imh0dHBzOlwvXC80YW1zYWF0Y2hpLmNvbVwvcGFuYW1hXC93cC1jb250ZW50XC91cGxvYWRzXC9zaXRlc1wvOFwvMjAxOVwvMDJcL3Nwb3RsaWdodC1wb2kyLTYucG5nIiwibGF0IjoiOC45ODMxNjQxOTM0NDAyMjIiLCJsbmciOiItNzkuNTEzMjA2MTAxNTYyNSIsImNpdHkiOiJQYW5hbVx1MDBlMSIsInN0YXRlIjoiUGFuYW1cdTAwZTEiLCJjb3VudHJ5IjoiUGFuYW1hIiwib25jbGlja19hY3Rpb24iOiJtYXJrZXIiLCJyZWRpcmVjdF9jdXN0b21fbGluayI6IiIsIm1hcmtlcl9pbWFnZSI6IiIsIm9wZW5fbmV3X3RhYiI6InllcyIsInBvc3RhbF9jb2RlIjoiIiwiZHJhZ2dhYmxlIjpmYWxzZSwiaW5mb3dpbmRvd19kZWZhdWx0X29wZW4iOmZhbHNlLCJhbmltYXRpb24iOiJCT1VOQ0UiLCJpbmZvd2luZG93X2Rpc2FibGUiOnRydWUsInpvb20iOjUsImV4dHJhX2ZpZWxkcyI6IiJ9LCJjYXRlZ29yaWVzIjpbXSwiY3VzdG9tX2ZpbHRlcnMiOiIifV0sInN0eWxlcyI6IiIsImxpc3RpbmciOiIiLCJtYXJrZXJfY2x1c3RlciI6IiIsIm1hcF9wcm9wZXJ0eSI6eyJtYXBfaWQiOiIxIiwiZGVidWdfbW9kZSI6ZmFsc2V9fQ==\"; });<\/script>\n<\/div>\n<\/div>\n","protected":false},"excerpt":{"rendered":"CONTACTO Panam\u00e1 \u00a0 DIRECCI\u00d3N:Av. La Rotonda, Edif. PH Castellammare, Ap. 22FCosta Este, Panam\u00e1.TEL\u00c9FONO:+507 388 0192 Guatemala \u00a0 DIRECCI\u00d3N:4am\u00a0Saatchi &amp; Saatchi16 Calle, 1-01 Z.10 C.C. Pza.Obelisco Loc. 18AGuatemalaTEL\u00c9FONO:+502 2429 1111 Honduras \u00a0 DIRECCI\u00d3N:Blvd. Suyapa,Edif. \u00a0Metr\u00f3polis, T2 Local 22106Tegucigalpa, HondurasTEL\u00c9FONO:+504\u00a02275 9995\/96 Costa Rica \u00a0 DIRECCI\u00d3N:Parque Industrial Condal Tib\u00e1s,Bodega #7TEL\u00c9FONO:+506 22350444","protected":false},"author":3,"featured_media":7,"parent":0,"menu_order":0,"comment_status":"closed","ping_status":"closed","template":"contacto.php","meta":{"inline_featured_image":false,"footnotes":""},"yoast_head":"<!-- This site is optimized with the Yoast SEO plugin v22.2 - https:\/\/yoast.com\/wordpress\/plugins\/seo\/ -->\n<title>Contact - Panama<\/title>\n<meta name=\"robots\" content=\"index, follow, max-snippet:-1, max-image-preview:large, max-video-preview:-1\" \/>\n<link rel=\"canonical\" href=\"https:\/\/4amsaatchi.com\/panama\/contact\/\" \/>\n<meta property=\"og:locale\" content=\"es_ES\" \/>\n<meta property=\"og:type\" content=\"article\" \/>\n<meta property=\"og:title\" content=\"Contact - Panama\" \/>\n<meta property=\"og:description\" content=\"CONTACTO Panam\u00e1 \u00a0 DIRECCI\u00d3N:Av. La Rotonda, Edif. PH Castellammare, Ap. 22FCosta Este, Panam\u00e1.TEL\u00c9FONO:+507 388 0192 Guatemala \u00a0 DIRECCI\u00d3N:4am\u00a0Saatchi &amp; Saatchi16 Calle, 1-01 Z.10 C.C. Pza.Obelisco Loc. 18AGuatemalaTEL\u00c9FONO:+502 2429 1111 Honduras \u00a0 DIRECCI\u00d3N:Blvd. Suyapa,Edif. \u00a0Metr\u00f3polis, T2 Local 22106Tegucigalpa, HondurasTEL\u00c9FONO:+504\u00a02275 9995\/96 Costa Rica \u00a0 DIRECCI\u00d3N:Parque Industrial Condal Tib\u00e1s,Bodega #7TEL\u00c9FONO:+506 22350444\" \/>\n<meta property=\"og:url\" content=\"https:\/\/4amsaatchi.com\/panama\/contact\/\" \/>\n<meta property=\"og:site_name\" content=\"Panama\" \/>\n<meta property=\"article:modified_time\" content=\"2019-02-06T23:13:10+00:00\" \/>\n<meta property=\"og:image\" content=\"https:\/\/4amsaatchi.com\/panama\/wp-content\/uploads\/sites\/8\/2018\/04\/espresso.jpg\" \/>\n\t<meta property=\"og:image:width\" content=\"2000\" \/>\n\t<meta property=\"og:image:height\" content=\"1200\" \/>\n\t<meta property=\"og:image:type\" content=\"image\/jpeg\" \/>\n<meta name=\"twitter:card\" content=\"summary_large_image\" \/>\n<script type=\"application\/ld+json\" class=\"yoast-schema-graph\">{\"@context\":\"https:\/\/schema.org\",\"@graph\":[{\"@type\":\"WebPage\",\"@id\":\"https:\/\/4amsaatchi.com\/panama\/contact\/\",\"url\":\"https:\/\/4amsaatchi.com\/panama\/contact\/\",\"name\":\"Contact - Panama\",\"isPartOf\":{\"@id\":\"https:\/\/4amsaatchi.com\/panama\/#website\"},\"primaryImageOfPage\":{\"@id\":\"https:\/\/4amsaatchi.com\/panama\/contact\/#primaryimage\"},\"image\":{\"@id\":\"https:\/\/4amsaatchi.com\/panama\/contact\/#primaryimage\"},\"thumbnailUrl\":\"https:\/\/4amsaatchi.com\/panama\/wp-content\/uploads\/sites\/8\/2018\/04\/espresso.jpg\",\"datePublished\":\"2018-04-30T19:29:15+00:00\",\"dateModified\":\"2019-02-06T23:13:10+00:00\",\"breadcrumb\":{\"@id\":\"https:\/\/4amsaatchi.com\/panama\/contact\/#breadcrumb\"},\"inLanguage\":\"es\",\"potentialAction\":[{\"@type\":\"ReadAction\",\"target\":[\"https:\/\/4amsaatchi.com\/panama\/contact\/\"]}]},{\"@type\":\"ImageObject\",\"inLanguage\":\"es\",\"@id\":\"https:\/\/4amsaatchi.com\/panama\/contact\/#primaryimage\",\"url\":\"https:\/\/4amsaatchi.com\/panama\/wp-content\/uploads\/sites\/8\/2018\/04\/espresso.jpg\",\"contentUrl\":\"https:\/\/4amsaatchi.com\/panama\/wp-content\/uploads\/sites\/8\/2018\/04\/espresso.jpg\",\"width\":2000,\"height\":1200},{\"@type\":\"BreadcrumbList\",\"@id\":\"https:\/\/4amsaatchi.com\/panama\/contact\/#breadcrumb\",\"itemListElement\":[{\"@type\":\"ListItem\",\"position\":1,\"name\":\"Portada\",\"item\":\"https:\/\/4amsaatchi.com\/panama\/\"},{\"@type\":\"ListItem\",\"position\":2,\"name\":\"Contact\"}]},{\"@type\":\"WebSite\",\"@id\":\"https:\/\/4amsaatchi.com\/panama\/#website\",\"url\":\"https:\/\/4amsaatchi.com\/panama\/\",\"name\":\"Panama\",\"description\":\"\",\"potentialAction\":[{\"@type\":\"SearchAction\",\"target\":{\"@type\":\"EntryPoint\",\"urlTemplate\":\"https:\/\/4amsaatchi.com\/panama\/?s={search_term_string}\"},\"query-input\":\"required name=search_term_string\"}],\"inLanguage\":\"es\"}]}<\/script>\n<!-- \/ Yoast SEO plugin. -->","yoast_head_json":{"title":"Contact - Panama","robots":{"index":"index","follow":"follow","max-snippet":"max-snippet:-1","max-image-preview":"max-image-preview:large","max-video-preview":"max-video-preview:-1"},"canonical":"https:\/\/4amsaatchi.com\/panama\/contact\/","og_locale":"es_ES","og_type":"article","og_title":"Contact - Panama","og_description":"CONTACTO Panam\u00e1 \u00a0 DIRECCI\u00d3N:Av. La Rotonda, Edif. PH Castellammare, Ap. 22FCosta Este, Panam\u00e1.TEL\u00c9FONO:+507 388 0192 Guatemala \u00a0 DIRECCI\u00d3N:4am\u00a0Saatchi &amp; Saatchi16 Calle, 1-01 Z.10 C.C. Pza.Obelisco Loc. 18AGuatemalaTEL\u00c9FONO:+502 2429 1111 Honduras \u00a0 DIRECCI\u00d3N:Blvd. Suyapa,Edif. \u00a0Metr\u00f3polis, T2 Local 22106Tegucigalpa, HondurasTEL\u00c9FONO:+504\u00a02275 9995\/96 Costa Rica \u00a0 DIRECCI\u00d3N:Parque Industrial Condal Tib\u00e1s,Bodega #7TEL\u00c9FONO:+506 22350444","og_url":"https:\/\/4amsaatchi.com\/panama\/contact\/","og_site_name":"Panama","article_modified_time":"2019-02-06T23:13:10+00:00","og_image":[{"width":2000,"height":1200,"url":"https:\/\/4amsaatchi.com\/panama\/wp-content\/uploads\/sites\/8\/2018\/04\/espresso.jpg","type":"image\/jpeg"}],"twitter_card":"summary_large_image","schema":{"@context":"https:\/\/schema.org","@graph":[{"@type":"WebPage","@id":"https:\/\/4amsaatchi.com\/panama\/contact\/","url":"https:\/\/4amsaatchi.com\/panama\/contact\/","name":"Contact - Panama","isPartOf":{"@id":"https:\/\/4amsaatchi.com\/panama\/#website"},"primaryImageOfPage":{"@id":"https:\/\/4amsaatchi.com\/panama\/contact\/#primaryimage"},"image":{"@id":"https:\/\/4amsaatchi.com\/panama\/contact\/#primaryimage"},"thumbnailUrl":"https:\/\/4amsaatchi.com\/panama\/wp-content\/uploads\/sites\/8\/2018\/04\/espresso.jpg","datePublished":"2018-04-30T19:29:15+00:00","dateModified":"2019-02-06T23:13:10+00:00","breadcrumb":{"@id":"https:\/\/4amsaatchi.com\/panama\/contact\/#breadcrumb"},"inLanguage":"es","potentialAction":[{"@type":"ReadAction","target":["https:\/\/4amsaatchi.com\/panama\/contact\/"]}]},{"@type":"ImageObject","inLanguage":"es","@id":"https:\/\/4amsaatchi.com\/panama\/contact\/#primaryimage","url":"https:\/\/4amsaatchi.com\/panama\/wp-content\/uploads\/sites\/8\/2018\/04\/espresso.jpg","contentUrl":"https:\/\/4amsaatchi.com\/panama\/wp-content\/uploads\/sites\/8\/2018\/04\/espresso.jpg","width":2000,"height":1200},{"@type":"BreadcrumbList","@id":"https:\/\/4amsaatchi.com\/panama\/contact\/#breadcrumb","itemListElement":[{"@type":"ListItem","position":1,"name":"Portada","item":"https:\/\/4amsaatchi.com\/panama\/"},{"@type":"ListItem","position":2,"name":"Contact"}]},{"@type":"WebSite","@id":"https:\/\/4amsaatchi.com\/panama\/#website","url":"https:\/\/4amsaatchi.com\/panama\/","name":"Panama","description":"","potentialAction":[{"@type":"SearchAction","target":{"@type":"EntryPoint","urlTemplate":"https:\/\/4amsaatchi.com\/panama\/?s={search_term_string}"},"query-input":"required name=search_term_string"}],"inLanguage":"es"}]}},"_links":{"self":[{"href":"https:\/\/4amsaatchi.com\/panama\/wp-json\/wp\/v2\/pages\/12"}],"collection":[{"href":"https:\/\/4amsaatchi.com\/panama\/wp-json\/wp\/v2\/pages"}],"about":[{"href":"https:\/\/4amsaatchi.com\/panama\/wp-json\/wp\/v2\/types\/page"}],"author":[{"embeddable":true,"href":"https:\/\/4amsaatchi.com\/panama\/wp-json\/wp\/v2\/users\/3"}],"replies":[{"embeddable":true,"href":"https:\/\/4amsaatchi.com\/panama\/wp-json\/wp\/v2\/comments?post=12"}],"version-history":[{"count":66,"href":"https:\/\/4amsaatchi.com\/panama\/wp-json\/wp\/v2\/pages\/12\/revisions"}],"predecessor-version":[{"id":1607,"href":"https:\/\/4amsaatchi.com\/panama\/wp-json\/wp\/v2\/pages\/12\/revisions\/1607"}],"wp:featuredmedia":[{"embeddable":true,"href":"https:\/\/4amsaatchi.com\/panama\/wp-json\/wp\/v2\/media\/7"}],"wp:attachment":[{"href":"https:\/\/4amsaatchi.com\/panama\/wp-json\/wp\/v2\/media?parent=12"}],"curies":[{"name":"wp","href":"https:\/\/api.w.org\/{rel}","templated":true}]}}