{"id":13,"date":"2018-04-30T19:29:15","date_gmt":"2018-04-30T19:29:15","guid":{"rendered":"https:\/\/4amsaatchi.com\/nicaragua\/?page_id=13"},"modified":"2020-11-17T21:55:46","modified_gmt":"2020-11-17T21:55:46","slug":"blog","status":"publish","type":"page","link":"https:\/\/4amsaatchi.com\/nicaragua\/blog\/","title":{"rendered":"Blog"},"content":{"rendered":"\r\n\t\t\t<div class=\"containerblogrow\">\r\n\t\t\t\t\t\r\n\t\t\t\t<div class=\"blog-conte\" >\t\t\r\n\t\t\t\t<div class=\"col-lg-12 col-md-12 col-sm-12 col-xs-12 blog\">\r\n\t\t\t\t\t<a class=\"ol\" href=\"https:\/\/4amsaatchi.com\/nicaragua\/blog\/meme-marketing-forma-parte-de-las-estrategias-para-tu-negocio\/\">\r\n\t\t\t\t\t\t<div class=\"puntos-deco\">\r\n\t\t\t\t\t\t\t<img decoding=\"async\" class=\"puntos-d\" src=\"https:\/\/4amsaatchi.com\/nicaragua\/wp-content\/themes\/twentyseventeen\/assets\/images\/puntos.svg\" alt=\"\">\r\n\t\t\t\t\t\t<\/div>\r\n\t\t\t\t\t\t<div class=\"fecha-blog\">\r\n\t\t\t\t\t\t\t26 Jul\t\t\t\t\t\t<\/div>\r\n\t\t\t\t\t<div class=\"img-principal\">\r\n\t\t\t\t\t\t\r\n\t\t\t\t\t\t\t<img loading=\"lazy\" decoding=\"async\" width=\"525\" height=\"248\" src=\"https:\/\/4amsaatchi.com\/nicaragua\/wp-content\/uploads\/sites\/9\/2024\/07\/meme-1400-x-660-1024x483.jpg\" class=\"attachment-large size-large wp-post-image\" alt=\"\" srcset=\"https:\/\/4amsaatchi.com\/nicaragua\/wp-content\/uploads\/sites\/9\/2024\/07\/meme-1400-x-660-1024x483.jpg 1024w, https:\/\/4amsaatchi.com\/nicaragua\/wp-content\/uploads\/sites\/9\/2024\/07\/meme-1400-x-660-300x141.jpg 300w, https:\/\/4amsaatchi.com\/nicaragua\/wp-content\/uploads\/sites\/9\/2024\/07\/meme-1400-x-660-768x362.jpg 768w, https:\/\/4amsaatchi.com\/nicaragua\/wp-content\/uploads\/sites\/9\/2024\/07\/meme-1400-x-660.jpg 1400w\" sizes=\"100vw\" \/>\t\t\t\t\t\t\r\n\t\t\t\t\t\t\r\n\t\t\t\t\t\t\r\n\t\t\t\t\t\t\r\n\t\t\t\t\t<\/div>\t\r\n\t\t\t\t<\/a>\r\n\t\t\t\t\t<div class=\"contenedor-extractos\">\r\n\t\t\t\t\t\t<div class=\"container-fluid\">\r\n\t\t\t\t\t\t\t\r\n\t\t\t\t\t\t\r\n\t\t\t\t\t\t<div class=\"redes-share col-md-1 col-xs-12\">\r\n\r\n\t\t\t\t\t\t\t<!-- <div class=\"redes-share-dos\">\r\n\t\t\t\t\t\t\t\t<span>share<\/span>\r\n            <ul>\r\n              <li><a href=\"https:\/\/www.facebook.com\/4amsaatchi\/\" target=\"_blank\"><i class=\"fab fa-facebook-f\"><\/i><\/a><\/li>\r\n              <li><a href=\"https:\/\/twitter.com\/4amsaatchi\" target=\"_blank\"><i class=\"fab fa-twitter\"><\/i><\/a><\/li>\r\n              \r\n              <li><a href=\"https:\/\/www.linkedin.com\/company\/4amsaatchigt\/\" target=\"_blank\"><i class=\"fab fa-linkedin-in\"><\/i><\/a><\/li>\r\n            <\/ul>\r\n          <\/div> -->\r\n          <div class=\"a2a_kit redes-share-dos \" data-a2a-url=\"https:\/\/4amsaatchi.com\/nicaragua\/blog\/meme-marketing-forma-parte-de-las-estrategias-para-tu-negocio\/\">\r\n\t\t\t\t\t\t\t\t<span>share<\/span>\r\n            <ul>\r\n              <li><a class=\"\" href=\"http:\/\/www.facebook.com\/sharer.php?u=https:\/\/4amsaatchi.com\/nicaragua\/blog\/meme-marketing-forma-parte-de-las-estrategias-para-tu-negocio\/&amp;linknote=\" rel=\"nofollow noopener\" target=\"_blank\">\r\n\t\t\t\t    <i class=\"fab fa-facebook-f\"><\/i>\r\n\t\t\t\t<\/a><\/li>\r\n              <li><a class=\"\" href=\"https:\/\/twitter.com\/share?url=https:\/\/4amsaatchi.com\/nicaragua\/blog\/meme-marketing-forma-parte-de-las-estrategias-para-tu-negocio\/&amp;text=Simple%20Share%20Buttons&amp;hashtags=simplesharebuttons\" target=\"_blank\">\r\n\t\t        <i class=\"fab fa-twitter\"><\/i>\r\n\t\t    <\/a><\/li>\r\n              \r\n              <li><a class=\"\" href=\"http:\/\/www.linkedin.com\/shareArticle?mini=true&amp;url=https:\/\/4amsaatchi.com\/nicaragua\/blog\/meme-marketing-forma-parte-de-las-estrategias-para-tu-negocio\/\" target=\"_blank\">\r\n\t\t        <i class=\"fab fa-linkedin-in\"><\/i>\r\n\t\t    <\/a><\/li>\r\n            <\/ul>\r\n          <\/div>\r\n\t\t\t\t\t\t<\/div>\r\n\t\t\t\t\t\t<div class=\"extracto-otros col-md-11 col-xs-12\">\r\n\t\t\t\t\t\t\r\n\t\t\t\t\t\t<p class=\"autor\"><!-- <span>By<\/span> admin.<span> Posted<\/span> julio 26, 2024 --><\/p>\r\n\t\t\t\t\t\t<h6>Meme marketing: forma parte de las estrategias para tu negocio<\/h6>\r\n\r\n\t\t\t\t\t\t<p class=\"texto-blog\">Llamando la atenci\u00f3n de tu p\u00fablico con memes Si lo que buscas es una herramienta poderosa para tu estrategia de marketing digital, los memes pueden ser tu respuesta. Las personas suelen comunicarse en su d\u00eda a d\u00eda, a trav\u00e9s de diferentes plataformas que permiten compartir los principales recursos del meme como: fotograf\u00edas, GIFs, videos y &hellip; <p class=\"link-more\"><a href=\"https:\/\/4amsaatchi.com\/nicaragua\/blog\/meme-marketing-forma-parte-de-las-estrategias-para-tu-negocio\/\" class=\"more-link\">Continuar leyendo<span class=\"screen-reader-text\"> \u00abMeme marketing: forma parte de las estrategias para tu negocio\u00bb<\/span><\/a><\/p><\/p>\r\n\t\t\t\t\t<\/div>\r\n\t\t\t\t\t<\/div>\r\n\t\t\t\t\t<div class=\"col-md-12 text-right\"><div class=\"btn-enviar-rosa\"><a href=\"https:\/\/4amsaatchi.com\/nicaragua\/blog\/meme-marketing-forma-parte-de-las-estrategias-para-tu-negocio\/\"\">LEER M\u00c1S<\/a><\/div><\/div>\r\n\t\t\t\t\t<\/div>\r\n\t\t\t\t\t\r\n\t\t\t\t\t\r\n\t\t\t\t\t\r\n\t\t\t\t<\/div>\r\n\t\t\t\t<\/div>\r\n\r\n\t\t\t\t\t\r\n\t\t\t\t<div class=\"blog-conte\" >\t\t\r\n\t\t\t\t<div class=\"col-lg-12 col-md-12 col-sm-12 col-xs-12 blog\">\r\n\t\t\t\t\t<a class=\"ol\" href=\"https:\/\/4amsaatchi.com\/nicaragua\/blog\/el-impacto-de-chatgpt-en-el-marketing-de-contenidos\/\">\r\n\t\t\t\t\t\t<div class=\"puntos-deco\">\r\n\t\t\t\t\t\t\t<img decoding=\"async\" class=\"puntos-d\" src=\"https:\/\/4amsaatchi.com\/nicaragua\/wp-content\/themes\/twentyseventeen\/assets\/images\/puntos.svg\" alt=\"\">\r\n\t\t\t\t\t\t<\/div>\r\n\t\t\t\t\t\t<div class=\"fecha-blog\">\r\n\t\t\t\t\t\t\t18 Jun\t\t\t\t\t\t<\/div>\r\n\t\t\t\t\t<div class=\"img-principal\">\r\n\t\t\t\t\t\t\r\n\t\t\t\t\t\t\t<img loading=\"lazy\" decoding=\"async\" width=\"525\" height=\"248\" src=\"https:\/\/4amsaatchi.com\/nicaragua\/wp-content\/uploads\/sites\/9\/2024\/06\/0-1024x483.jpg\" class=\"attachment-large size-large wp-post-image\" alt=\"\" srcset=\"https:\/\/4amsaatchi.com\/nicaragua\/wp-content\/uploads\/sites\/9\/2024\/06\/0-1024x483.jpg 1024w, https:\/\/4amsaatchi.com\/nicaragua\/wp-content\/uploads\/sites\/9\/2024\/06\/0-300x141.jpg 300w, https:\/\/4amsaatchi.com\/nicaragua\/wp-content\/uploads\/sites\/9\/2024\/06\/0-768x362.jpg 768w, https:\/\/4amsaatchi.com\/nicaragua\/wp-content\/uploads\/sites\/9\/2024\/06\/0.jpg 1080w\" sizes=\"100vw\" \/>\t\t\t\t\t\t\r\n\t\t\t\t\t\t\r\n\t\t\t\t\t\t\r\n\t\t\t\t\t\t\r\n\t\t\t\t\t<\/div>\t\r\n\t\t\t\t<\/a>\r\n\t\t\t\t\t<div class=\"contenedor-extractos\">\r\n\t\t\t\t\t\t<div class=\"container-fluid\">\r\n\t\t\t\t\t\t\t\r\n\t\t\t\t\t\t\r\n\t\t\t\t\t\t<div class=\"redes-share col-md-1 col-xs-12\">\r\n\r\n\t\t\t\t\t\t\t<!-- <div class=\"redes-share-dos\">\r\n\t\t\t\t\t\t\t\t<span>share<\/span>\r\n            <ul>\r\n              <li><a href=\"https:\/\/www.facebook.com\/4amsaatchi\/\" target=\"_blank\"><i class=\"fab fa-facebook-f\"><\/i><\/a><\/li>\r\n              <li><a href=\"https:\/\/twitter.com\/4amsaatchi\" target=\"_blank\"><i class=\"fab fa-twitter\"><\/i><\/a><\/li>\r\n              \r\n              <li><a href=\"https:\/\/www.linkedin.com\/company\/4amsaatchigt\/\" target=\"_blank\"><i class=\"fab fa-linkedin-in\"><\/i><\/a><\/li>\r\n            <\/ul>\r\n          <\/div> -->\r\n          <div class=\"a2a_kit redes-share-dos \" data-a2a-url=\"https:\/\/4amsaatchi.com\/nicaragua\/blog\/el-impacto-de-chatgpt-en-el-marketing-de-contenidos\/\">\r\n\t\t\t\t\t\t\t\t<span>share<\/span>\r\n            <ul>\r\n              <li><a class=\"\" href=\"http:\/\/www.facebook.com\/sharer.php?u=https:\/\/4amsaatchi.com\/nicaragua\/blog\/el-impacto-de-chatgpt-en-el-marketing-de-contenidos\/&amp;linknote=\" rel=\"nofollow noopener\" target=\"_blank\">\r\n\t\t\t\t    <i class=\"fab fa-facebook-f\"><\/i>\r\n\t\t\t\t<\/a><\/li>\r\n              <li><a class=\"\" href=\"https:\/\/twitter.com\/share?url=https:\/\/4amsaatchi.com\/nicaragua\/blog\/el-impacto-de-chatgpt-en-el-marketing-de-contenidos\/&amp;text=Simple%20Share%20Buttons&amp;hashtags=simplesharebuttons\" target=\"_blank\">\r\n\t\t        <i class=\"fab fa-twitter\"><\/i>\r\n\t\t    <\/a><\/li>\r\n              \r\n              <li><a class=\"\" href=\"http:\/\/www.linkedin.com\/shareArticle?mini=true&amp;url=https:\/\/4amsaatchi.com\/nicaragua\/blog\/el-impacto-de-chatgpt-en-el-marketing-de-contenidos\/\" target=\"_blank\">\r\n\t\t        <i class=\"fab fa-linkedin-in\"><\/i>\r\n\t\t    <\/a><\/li>\r\n            <\/ul>\r\n          <\/div>\r\n\t\t\t\t\t\t<\/div>\r\n\t\t\t\t\t\t<div class=\"extracto-otros col-md-11 col-xs-12\">\r\n\t\t\t\t\t\t\r\n\t\t\t\t\t\t<p class=\"autor\"><!-- <span>By<\/span> admin.<span> Posted<\/span> junio 18, 2024 --><\/p>\r\n\t\t\t\t\t\t<h6>El impacto de ChatGPT en el marketing de contenidos<\/h6>\r\n\r\n\t\t\t\t\t\t<p class=\"texto-blog\">En el mundo del marketing digital, la innovaci\u00f3n y el contenido de valor son la clave para el \u00e9xito. La llegada de herramientas como ChatGPT, un modelo de lenguaje desarrollado por OpenAI, ha abierto una oportunidad de posibilidades para revolucionar la forma de crear y consumir contenido. Hay infinidad de beneficios al usar ChatGPT en &hellip; <p class=\"link-more\"><a href=\"https:\/\/4amsaatchi.com\/nicaragua\/blog\/el-impacto-de-chatgpt-en-el-marketing-de-contenidos\/\" class=\"more-link\">Continuar leyendo<span class=\"screen-reader-text\"> \u00abEl impacto de ChatGPT en el marketing de contenidos\u00bb<\/span><\/a><\/p><\/p>\r\n\t\t\t\t\t<\/div>\r\n\t\t\t\t\t<\/div>\r\n\t\t\t\t\t<div class=\"col-md-12 text-right\"><div class=\"btn-enviar-rosa\"><a href=\"https:\/\/4amsaatchi.com\/nicaragua\/blog\/el-impacto-de-chatgpt-en-el-marketing-de-contenidos\/\"\">LEER M\u00c1S<\/a><\/div><\/div>\r\n\t\t\t\t\t<\/div>\r\n\t\t\t\t\t\r\n\t\t\t\t\t\r\n\t\t\t\t\t\r\n\t\t\t\t<\/div>\r\n\t\t\t\t<\/div>\r\n\r\n\t\t\t\t\t\r\n\t\t\t\t<div class=\"blog-conte\" >\t\t\r\n\t\t\t\t<div class=\"col-lg-12 col-md-12 col-sm-12 col-xs-12 blog\">\r\n\t\t\t\t\t<a class=\"ol\" href=\"https:\/\/4amsaatchi.com\/nicaragua\/blog\/seo-en-tiktok-posiciona-tus-videos-organicamente\/\">\r\n\t\t\t\t\t\t<div class=\"puntos-deco\">\r\n\t\t\t\t\t\t\t<img decoding=\"async\" class=\"puntos-d\" src=\"https:\/\/4amsaatchi.com\/nicaragua\/wp-content\/themes\/twentyseventeen\/assets\/images\/puntos.svg\" alt=\"\">\r\n\t\t\t\t\t\t<\/div>\r\n\t\t\t\t\t\t<div class=\"fecha-blog\">\r\n\t\t\t\t\t\t\t28 May\t\t\t\t\t\t<\/div>\r\n\t\t\t\t\t<div class=\"img-principal\">\r\n\t\t\t\t\t\t\r\n\t\t\t\t\t\t\t<img loading=\"lazy\" decoding=\"async\" width=\"525\" height=\"248\" src=\"https:\/\/4amsaatchi.com\/nicaragua\/wp-content\/uploads\/sites\/9\/2024\/05\/SEO-en-TikTok-posiciona-tus-videos-1024x483.png\" class=\"attachment-large size-large wp-post-image\" alt=\"SEO en Tiktok\" srcset=\"https:\/\/4amsaatchi.com\/nicaragua\/wp-content\/uploads\/sites\/9\/2024\/05\/SEO-en-TikTok-posiciona-tus-videos-1024x483.png 1024w, https:\/\/4amsaatchi.com\/nicaragua\/wp-content\/uploads\/sites\/9\/2024\/05\/SEO-en-TikTok-posiciona-tus-videos-300x141.png 300w, https:\/\/4amsaatchi.com\/nicaragua\/wp-content\/uploads\/sites\/9\/2024\/05\/SEO-en-TikTok-posiciona-tus-videos-768x362.png 768w, https:\/\/4amsaatchi.com\/nicaragua\/wp-content\/uploads\/sites\/9\/2024\/05\/SEO-en-TikTok-posiciona-tus-videos.png 1400w\" sizes=\"100vw\" \/>\t\t\t\t\t\t\r\n\t\t\t\t\t\t\r\n\t\t\t\t\t\t\r\n\t\t\t\t\t\t\r\n\t\t\t\t\t<\/div>\t\r\n\t\t\t\t<\/a>\r\n\t\t\t\t\t<div class=\"contenedor-extractos\">\r\n\t\t\t\t\t\t<div class=\"container-fluid\">\r\n\t\t\t\t\t\t\t\r\n\t\t\t\t\t\t\r\n\t\t\t\t\t\t<div class=\"redes-share col-md-1 col-xs-12\">\r\n\r\n\t\t\t\t\t\t\t<!-- <div class=\"redes-share-dos\">\r\n\t\t\t\t\t\t\t\t<span>share<\/span>\r\n            <ul>\r\n              <li><a href=\"https:\/\/www.facebook.com\/4amsaatchi\/\" target=\"_blank\"><i class=\"fab fa-facebook-f\"><\/i><\/a><\/li>\r\n              <li><a href=\"https:\/\/twitter.com\/4amsaatchi\" target=\"_blank\"><i class=\"fab fa-twitter\"><\/i><\/a><\/li>\r\n              \r\n              <li><a href=\"https:\/\/www.linkedin.com\/company\/4amsaatchigt\/\" target=\"_blank\"><i class=\"fab fa-linkedin-in\"><\/i><\/a><\/li>\r\n            <\/ul>\r\n          <\/div> -->\r\n          <div class=\"a2a_kit redes-share-dos \" data-a2a-url=\"https:\/\/4amsaatchi.com\/nicaragua\/blog\/seo-en-tiktok-posiciona-tus-videos-organicamente\/\">\r\n\t\t\t\t\t\t\t\t<span>share<\/span>\r\n            <ul>\r\n              <li><a class=\"\" href=\"http:\/\/www.facebook.com\/sharer.php?u=https:\/\/4amsaatchi.com\/nicaragua\/blog\/seo-en-tiktok-posiciona-tus-videos-organicamente\/&amp;linknote=\" rel=\"nofollow noopener\" target=\"_blank\">\r\n\t\t\t\t    <i class=\"fab fa-facebook-f\"><\/i>\r\n\t\t\t\t<\/a><\/li>\r\n              <li><a class=\"\" href=\"https:\/\/twitter.com\/share?url=https:\/\/4amsaatchi.com\/nicaragua\/blog\/seo-en-tiktok-posiciona-tus-videos-organicamente\/&amp;text=Simple%20Share%20Buttons&amp;hashtags=simplesharebuttons\" target=\"_blank\">\r\n\t\t        <i class=\"fab fa-twitter\"><\/i>\r\n\t\t    <\/a><\/li>\r\n              \r\n              <li><a class=\"\" href=\"http:\/\/www.linkedin.com\/shareArticle?mini=true&amp;url=https:\/\/4amsaatchi.com\/nicaragua\/blog\/seo-en-tiktok-posiciona-tus-videos-organicamente\/\" target=\"_blank\">\r\n\t\t        <i class=\"fab fa-linkedin-in\"><\/i>\r\n\t\t    <\/a><\/li>\r\n            <\/ul>\r\n          <\/div>\r\n\t\t\t\t\t\t<\/div>\r\n\t\t\t\t\t\t<div class=\"extracto-otros col-md-11 col-xs-12\">\r\n\t\t\t\t\t\t\r\n\t\t\t\t\t\t<p class=\"autor\"><!-- <span>By<\/span> admin.<span> Posted<\/span> mayo 28, 2024 --><\/p>\r\n\t\t\t\t\t\t<h6>SEO en TikTok: posiciona tus videos org\u00e1nicamente<\/h6>\r\n\r\n\t\t\t\t\t\t<p class=\"texto-blog\">TikTok es una plataforma que ha logrado capturar la atenci\u00f3n de una manera \u00fanica y adictiva, complement\u00e1ndose con el SEO. En este art\u00edculo te compartimos algunos consejos para posicionar el contenido.<\/p>\r\n\t\t\t\t\t<\/div>\r\n\t\t\t\t\t<\/div>\r\n\t\t\t\t\t<div class=\"col-md-12 text-right\"><div class=\"btn-enviar-rosa\"><a href=\"https:\/\/4amsaatchi.com\/nicaragua\/blog\/seo-en-tiktok-posiciona-tus-videos-organicamente\/\"\">LEER M\u00c1S<\/a><\/div><\/div>\r\n\t\t\t\t\t<\/div>\r\n\t\t\t\t\t\r\n\t\t\t\t\t\r\n\t\t\t\t\t\r\n\t\t\t\t<\/div>\r\n\t\t\t\t<\/div>\r\n\r\n\t\t\t\t\r\n\t\t\t\t<div class=\"pagination-wrap \"><ul class=\"pagination\"><li class='bulletactive element'><a href='https:\/\/4amsaatchi.com\/nicaragua\/blog\/page\/1'>1<\/a><\/li><li class=' element'><a href='https:\/\/4amsaatchi.com\/nicaragua\/blog\/page\/2'>2<\/a><\/li><li class=' element'><a href='https:\/\/4amsaatchi.com\/nicaragua\/blog\/page\/3'>3<\/a><\/li><li class=' element'><a href='https:\/\/4amsaatchi.com\/nicaragua\/blog\/page\/4'>4<\/a><\/li><li class=' element'><a href='https:\/\/4amsaatchi.com\/nicaragua\/blog\/page\/5'>5<\/a><\/li><li><a class=\"next page-numbers\" href=\"https:\/\/4amsaatchi.com\/nicaragua\/blog\/page\/2\"><i class=\"fa fa-angle-right\" aria-hidden=\"true\"><\/i><\/a><\/li><\/ul><\/div>\t\t\t<\/div>\r\n\t\t\t \r\n\t\t\t\r\n\r\n\n","protected":false},"excerpt":{"rendered":"TikTok ha emergido como un gigante, cada d\u00eda conquista a millones de usuarios con su f\u00f3rmula m\u00e1gica de videos cortos o largos, pero siempre din\u00e1micos, as\u00ed como por las tendencias que nacen en segundos. Es una plataforma que ha logrado capturar la atenci\u00f3n de una manera \u00fanica y adictiva, complement\u00e1ndose con el SEO (Search Engine &hellip; <p class=\"link-more\"><a href=\"https:\/\/4amsaatchi.com\/nicaragua\/blog\/seo-en-tiktok-posiciona-tus-videos-organicamente\/\" class=\"more-link\">Continuar leyendo<span class=\"screen-reader-text\"> \u00abSEO en TikTok: posiciona tus videos org\u00e1nicamente\u00bb<\/span><\/a><\/p>","protected":false},"author":3,"featured_media":0,"parent":0,"menu_order":0,"comment_status":"closed","ping_status":"closed","template":"blog.php","meta":{"inline_featured_image":false,"footnotes":""},"yoast_head":"<!-- This site is optimized with the Yoast SEO plugin v22.2 - https:\/\/yoast.com\/wordpress\/plugins\/seo\/ -->\n<title>Blog - Nicaragua<\/title>\n<meta name=\"robots\" content=\"index, follow, max-snippet:-1, max-image-preview:large, max-video-preview:-1\" \/>\n<link rel=\"canonical\" href=\"https:\/\/4amsaatchi.com\/nicaragua\/blog\/\" \/>\n<meta property=\"og:locale\" content=\"es_ES\" \/>\n<meta property=\"og:type\" content=\"article\" \/>\n<meta property=\"og:title\" content=\"Blog - Nicaragua\" \/>\n<meta property=\"og:description\" content=\"TikTok ha emergido como un gigante, cada d\u00eda conquista a millones de usuarios con su f\u00f3rmula m\u00e1gica de videos cortos o largos, pero siempre din\u00e1micos, as\u00ed como por las tendencias que nacen en segundos. Es una plataforma que ha logrado capturar la atenci\u00f3n de una manera \u00fanica y adictiva, complement\u00e1ndose con el SEO (Search Engine &hellip; Continuar leyendo &quot;SEO en TikTok: posiciona tus videos org\u00e1nicamente&quot;\" \/>\n<meta property=\"og:url\" content=\"https:\/\/4amsaatchi.com\/nicaragua\/blog\/\" \/>\n<meta property=\"og:site_name\" content=\"Nicaragua\" \/>\n<meta property=\"article:modified_time\" content=\"2020-11-17T21:55:46+00:00\" \/>\n<meta name=\"twitter:card\" content=\"summary_large_image\" \/>\n<script type=\"application\/ld+json\" class=\"yoast-schema-graph\">{\"@context\":\"https:\/\/schema.org\",\"@graph\":[{\"@type\":\"WebPage\",\"@id\":\"https:\/\/4amsaatchi.com\/nicaragua\/blog\/\",\"url\":\"https:\/\/4amsaatchi.com\/nicaragua\/blog\/\",\"name\":\"Blog - Nicaragua\",\"isPartOf\":{\"@id\":\"https:\/\/4amsaatchi.com\/nicaragua\/#website\"},\"datePublished\":\"2018-04-30T19:29:15+00:00\",\"dateModified\":\"2020-11-17T21:55:46+00:00\",\"breadcrumb\":{\"@id\":\"https:\/\/4amsaatchi.com\/nicaragua\/blog\/#breadcrumb\"},\"inLanguage\":\"es\",\"potentialAction\":[{\"@type\":\"ReadAction\",\"target\":[\"https:\/\/4amsaatchi.com\/nicaragua\/blog\/\"]}]},{\"@type\":\"BreadcrumbList\",\"@id\":\"https:\/\/4amsaatchi.com\/nicaragua\/blog\/#breadcrumb\",\"itemListElement\":[{\"@type\":\"ListItem\",\"position\":1,\"name\":\"Portada\",\"item\":\"https:\/\/4amsaatchi.com\/nicaragua\/\"},{\"@type\":\"ListItem\",\"position\":2,\"name\":\"Blog\"}]},{\"@type\":\"WebSite\",\"@id\":\"https:\/\/4amsaatchi.com\/nicaragua\/#website\",\"url\":\"https:\/\/4amsaatchi.com\/nicaragua\/\",\"name\":\"Nicaragua\",\"description\":\"\",\"publisher\":{\"@id\":\"https:\/\/4amsaatchi.com\/nicaragua\/#organization\"},\"potentialAction\":[{\"@type\":\"SearchAction\",\"target\":{\"@type\":\"EntryPoint\",\"urlTemplate\":\"https:\/\/4amsaatchi.com\/nicaragua\/?s={search_term_string}\"},\"query-input\":\"required name=search_term_string\"}],\"inLanguage\":\"es\"},{\"@type\":\"Organization\",\"@id\":\"https:\/\/4amsaatchi.com\/nicaragua\/#organization\",\"name\":\"4am Saatchi & Saatchi\",\"url\":\"https:\/\/4amsaatchi.com\/nicaragua\/\",\"logo\":{\"@type\":\"ImageObject\",\"inLanguage\":\"es\",\"@id\":\"https:\/\/4amsaatchi.com\/nicaragua\/#\/schema\/logo\/image\/\",\"url\":\"https:\/\/4amsaatchi.com\/nicaragua\/wp-content\/uploads\/sites\/9\/2018\/05\/logoPeopleFirst-negro.svg\",\"contentUrl\":\"https:\/\/4amsaatchi.com\/nicaragua\/wp-content\/uploads\/sites\/9\/2018\/05\/logoPeopleFirst-negro.svg\",\"width\":1,\"height\":1,\"caption\":\"4am Saatchi & Saatchi\"},\"image\":{\"@id\":\"https:\/\/4amsaatchi.com\/nicaragua\/#\/schema\/logo\/image\/\"}}]}<\/script>\n<!-- \/ Yoast SEO plugin. -->","yoast_head_json":{"title":"Blog - Nicaragua","robots":{"index":"index","follow":"follow","max-snippet":"max-snippet:-1","max-image-preview":"max-image-preview:large","max-video-preview":"max-video-preview:-1"},"canonical":"https:\/\/4amsaatchi.com\/nicaragua\/blog\/","og_locale":"es_ES","og_type":"article","og_title":"Blog - Nicaragua","og_description":"TikTok ha emergido como un gigante, cada d\u00eda conquista a millones de usuarios con su f\u00f3rmula m\u00e1gica de videos cortos o largos, pero siempre din\u00e1micos, as\u00ed como por las tendencias que nacen en segundos. Es una plataforma que ha logrado capturar la atenci\u00f3n de una manera \u00fanica y adictiva, complement\u00e1ndose con el SEO (Search Engine &hellip; Continuar leyendo \"SEO en TikTok: posiciona tus videos org\u00e1nicamente\"","og_url":"https:\/\/4amsaatchi.com\/nicaragua\/blog\/","og_site_name":"Nicaragua","article_modified_time":"2020-11-17T21:55:46+00:00","twitter_card":"summary_large_image","schema":{"@context":"https:\/\/schema.org","@graph":[{"@type":"WebPage","@id":"https:\/\/4amsaatchi.com\/nicaragua\/blog\/","url":"https:\/\/4amsaatchi.com\/nicaragua\/blog\/","name":"Blog - Nicaragua","isPartOf":{"@id":"https:\/\/4amsaatchi.com\/nicaragua\/#website"},"datePublished":"2018-04-30T19:29:15+00:00","dateModified":"2020-11-17T21:55:46+00:00","breadcrumb":{"@id":"https:\/\/4amsaatchi.com\/nicaragua\/blog\/#breadcrumb"},"inLanguage":"es","potentialAction":[{"@type":"ReadAction","target":["https:\/\/4amsaatchi.com\/nicaragua\/blog\/"]}]},{"@type":"BreadcrumbList","@id":"https:\/\/4amsaatchi.com\/nicaragua\/blog\/#breadcrumb","itemListElement":[{"@type":"ListItem","position":1,"name":"Portada","item":"https:\/\/4amsaatchi.com\/nicaragua\/"},{"@type":"ListItem","position":2,"name":"Blog"}]},{"@type":"WebSite","@id":"https:\/\/4amsaatchi.com\/nicaragua\/#website","url":"https:\/\/4amsaatchi.com\/nicaragua\/","name":"Nicaragua","description":"","publisher":{"@id":"https:\/\/4amsaatchi.com\/nicaragua\/#organization"},"potentialAction":[{"@type":"SearchAction","target":{"@type":"EntryPoint","urlTemplate":"https:\/\/4amsaatchi.com\/nicaragua\/?s={search_term_string}"},"query-input":"required name=search_term_string"}],"inLanguage":"es"},{"@type":"Organization","@id":"https:\/\/4amsaatchi.com\/nicaragua\/#organization","name":"4am Saatchi & Saatchi","url":"https:\/\/4amsaatchi.com\/nicaragua\/","logo":{"@type":"ImageObject","inLanguage":"es","@id":"https:\/\/4amsaatchi.com\/nicaragua\/#\/schema\/logo\/image\/","url":"https:\/\/4amsaatchi.com\/nicaragua\/wp-content\/uploads\/sites\/9\/2018\/05\/logoPeopleFirst-negro.svg","contentUrl":"https:\/\/4amsaatchi.com\/nicaragua\/wp-content\/uploads\/sites\/9\/2018\/05\/logoPeopleFirst-negro.svg","width":1,"height":1,"caption":"4am Saatchi & Saatchi"},"image":{"@id":"https:\/\/4amsaatchi.com\/nicaragua\/#\/schema\/logo\/image\/"}}]}},"_links":{"self":[{"href":"https:\/\/4amsaatchi.com\/nicaragua\/wp-json\/wp\/v2\/pages\/13"}],"collection":[{"href":"https:\/\/4amsaatchi.com\/nicaragua\/wp-json\/wp\/v2\/pages"}],"about":[{"href":"https:\/\/4amsaatchi.com\/nicaragua\/wp-json\/wp\/v2\/types\/page"}],"author":[{"embeddable":true,"href":"https:\/\/4amsaatchi.com\/nicaragua\/wp-json\/wp\/v2\/users\/3"}],"replies":[{"embeddable":true,"href":"https:\/\/4amsaatchi.com\/nicaragua\/wp-json\/wp\/v2\/comments?post=13"}],"version-history":[{"count":5,"href":"https:\/\/4amsaatchi.com\/nicaragua\/wp-json\/wp\/v2\/pages\/13\/revisions"}],"predecessor-version":[{"id":357,"href":"https:\/\/4amsaatchi.com\/nicaragua\/wp-json\/wp\/v2\/pages\/13\/revisions\/357"}],"wp:attachment":[{"href":"https:\/\/4amsaatchi.com\/nicaragua\/wp-json\/wp\/v2\/media?parent=13"}],"curies":[{"name":"wp","href":"https:\/\/api.w.org\/{rel}","templated":true}]}}