{"id":13,"date":"2018-04-30T19:29:15","date_gmt":"2018-04-30T19:29:15","guid":{"rendered":"https:\/\/4amsaatchi.com\/?page_id=13"},"modified":"2018-07-05T15:16:29","modified_gmt":"2018-07-05T15:16:29","slug":"blog","status":"publish","type":"page","link":"https:\/\/4amsaatchi.com\/elsalvador\/blog\/","title":{"rendered":"Blog"},"content":{"rendered":"<div class=\"mp-row-fluid motopress-row mpce-dsbl-margin-left mpce-dsbl-margin-right\">\n<div class=\"motopress-clmn mp-span12  mpce-dsbl-margin-left mpce-dsbl-margin-right\">\n<div class=\"mp-row-fluid motopress-row mpce-dsbl-margin-left mpce-dsbl-margin-right\">\n<div class=\"motopress-clmn mp-span12 mpce-dsbl-margin-left mpce-dsbl-margin-right\">\n<div class=\"motopress-code-obj\">\n\r\n\t\t\t<div class=\"containerblogrow\">\r\n\t\t\t\t\t\r\n\t\t\t\t<div class=\"blog-conte\" >\t\t\r\n\t\t\t\t<div class=\"col-lg-12 col-md-12 col-sm-12 col-xs-12 blog\">\r\n\t\t\t\t\t<a class=\"ol\" href=\"https:\/\/4amsaatchi.com\/elsalvador\/copa-libertadores-2018\/\">\r\n\t\t\t\t\t\t<div class=\"puntos-deco\">\r\n\t\t\t\t\t\t\t<img decoding=\"async\" class=\"puntos-d\" src=\"https:\/\/4amsaatchi.com\/elsalvador\/wp-content\/themes\/twentyseventeen\/assets\/images\/puntos.svg\" alt=\"\">\r\n\t\t\t\t\t\t<\/div>\r\n\t\t\t\t\t\t<div class=\"fecha-blog\">\r\n\t\t\t\t\t\t\t11 Dic\t\t\t\t\t\t<\/div>\r\n\t\t\t\t\t<div class=\"img-principal\">\r\n\t\t\t\t\t\t\r\n\t\t\t\t\t\t\t\t\t\t\t\t\t\r\n\t\t\t\t\t\t\r\n\t\t\t\t\t\t\r\n\t\t\t\t\t\t\r\n\t\t\t\t\t<\/div>\t\r\n\t\t\t\t<\/a>\r\n\t\t\t\t\t<div class=\"contenedor-extractos\">\r\n\t\t\t\t\t\t<div class=\"container-fluid\">\r\n\t\t\t\t\t\t\t\r\n\t\t\t\t\t\t\r\n\t\t\t\t\t\t<div class=\"redes-share col-md-1 col-xs-12\">\r\n\r\n\t\t\t\t\t\t\t<!-- <div class=\"redes-share-dos\">\r\n\t\t\t\t\t\t\t\t<span>share<\/span>\r\n            <ul>\r\n              <li><a href=\"https:\/\/www.facebook.com\/4amsaatchi\/\" target=\"_blank\"><i class=\"fab fa-facebook-f\"><\/i><\/a><\/li>\r\n              <li><a href=\"https:\/\/twitter.com\/4amsaatchi\" target=\"_blank\"><i class=\"fab fa-twitter\"><\/i><\/a><\/li>\r\n              \r\n              <li><a href=\"https:\/\/www.linkedin.com\/company\/4amsaatchigt\/\" target=\"_blank\"><i class=\"fab fa-linkedin-in\"><\/i><\/a><\/li>\r\n            <\/ul>\r\n          <\/div> -->\r\n          <div class=\"a2a_kit redes-share-dos \" data-a2a-url=\"https:\/\/4amsaatchi.com\/elsalvador\/copa-libertadores-2018\/\">\r\n\t\t\t\t\t\t\t\t<span>share<\/span>\r\n            <ul>\r\n              <li><a class=\"\" href=\"http:\/\/www.facebook.com\/sharer.php?u=https:\/\/4amsaatchi.com\/elsalvador\/copa-libertadores-2018\/&amp;linknote=\" rel=\"nofollow noopener\" target=\"_blank\">\r\n\t\t\t\t    <i class=\"fab fa-facebook-f\"><\/i>\r\n\t\t\t\t<\/a><\/li>\r\n              <li><a class=\"\" href=\"https:\/\/twitter.com\/share?url=https:\/\/4amsaatchi.com\/elsalvador\/copa-libertadores-2018\/&amp;text=Simple%20Share%20Buttons&amp;hashtags=simplesharebuttons\" target=\"_blank\">\r\n\t\t        <i class=\"fab fa-twitter\"><\/i>\r\n\t\t    <\/a><\/li>\r\n              \r\n              <li><a class=\"\" href=\"http:\/\/www.linkedin.com\/shareArticle?mini=true&amp;url=https:\/\/4amsaatchi.com\/elsalvador\/copa-libertadores-2018\/\" target=\"_blank\">\r\n\t\t        <i class=\"fab fa-linkedin-in\"><\/i>\r\n\t\t    <\/a><\/li>\r\n            <\/ul>\r\n          <\/div>\r\n\t\t\t\t\t\t<\/div>\r\n\t\t\t\t\t\t<div class=\"extracto-otros col-md-11 col-xs-12\">\r\n\t\t\t\t\t\t\r\n\t\t\t\t\t\t<p class=\"autor\"><!-- <span>By<\/span> admin.<span> Posted<\/span> diciembre 11, 2018 --><\/p>\r\n\t\t\t\t\t\t<h6>EL CAMINO DE LA COPA LIBERTADORES<\/h6>\r\n\r\n\t\t\t\t\t\t<p class=\"texto-blog\">Desde 1960 participan los equipos m\u00e1s fuertes de Sudam\u00e9rica, disputando partidos de Enero a Noviembre.<\/p>\r\n\t\t\t\t\t<\/div>\r\n\t\t\t\t\t<\/div>\r\n\t\t\t\t\t<div class=\"col-md-12 text-right\"><div class=\"btn-enviar-rosa\"><a href=\"https:\/\/4amsaatchi.com\/elsalvador\/copa-libertadores-2018\/\"\">LEER M\u00c1S<\/a><\/div><\/div>\r\n\t\t\t\t\t<\/div>\r\n\t\t\t\t\t\r\n\t\t\t\t\t\r\n\t\t\t\t\t\r\n\t\t\t\t<\/div>\r\n\t\t\t\t<\/div>\r\n\r\n\t\t\t\t\t\r\n\t\t\t\t<div class=\"blog-conte\" >\t\t\r\n\t\t\t\t<div class=\"col-lg-12 col-md-12 col-sm-12 col-xs-12 blog\">\r\n\t\t\t\t\t<a class=\"ol\" href=\"https:\/\/4amsaatchi.com\/elsalvador\/jovenes-millennials-2\/\">\r\n\t\t\t\t\t\t<div class=\"puntos-deco\">\r\n\t\t\t\t\t\t\t<img decoding=\"async\" class=\"puntos-d\" src=\"https:\/\/4amsaatchi.com\/elsalvador\/wp-content\/themes\/twentyseventeen\/assets\/images\/puntos.svg\" alt=\"\">\r\n\t\t\t\t\t\t<\/div>\r\n\t\t\t\t\t\t<div class=\"fecha-blog\">\r\n\t\t\t\t\t\t\t4 Dic\t\t\t\t\t\t<\/div>\r\n\t\t\t\t\t<div class=\"img-principal\">\r\n\t\t\t\t\t\t\r\n\t\t\t\t\t\t\t\t\t\t\t\t\t\r\n\t\t\t\t\t\t\r\n\t\t\t\t\t\t\r\n\t\t\t\t\t\t\r\n\t\t\t\t\t<\/div>\t\r\n\t\t\t\t<\/a>\r\n\t\t\t\t\t<div class=\"contenedor-extractos\">\r\n\t\t\t\t\t\t<div class=\"container-fluid\">\r\n\t\t\t\t\t\t\t\r\n\t\t\t\t\t\t\r\n\t\t\t\t\t\t<div class=\"redes-share col-md-1 col-xs-12\">\r\n\r\n\t\t\t\t\t\t\t<!-- <div class=\"redes-share-dos\">\r\n\t\t\t\t\t\t\t\t<span>share<\/span>\r\n            <ul>\r\n              <li><a href=\"https:\/\/www.facebook.com\/4amsaatchi\/\" target=\"_blank\"><i class=\"fab fa-facebook-f\"><\/i><\/a><\/li>\r\n              <li><a href=\"https:\/\/twitter.com\/4amsaatchi\" target=\"_blank\"><i class=\"fab fa-twitter\"><\/i><\/a><\/li>\r\n              \r\n              <li><a href=\"https:\/\/www.linkedin.com\/company\/4amsaatchigt\/\" target=\"_blank\"><i class=\"fab fa-linkedin-in\"><\/i><\/a><\/li>\r\n            <\/ul>\r\n          <\/div> -->\r\n          <div class=\"a2a_kit redes-share-dos \" data-a2a-url=\"https:\/\/4amsaatchi.com\/elsalvador\/jovenes-millennials-2\/\">\r\n\t\t\t\t\t\t\t\t<span>share<\/span>\r\n            <ul>\r\n              <li><a class=\"\" href=\"http:\/\/www.facebook.com\/sharer.php?u=https:\/\/4amsaatchi.com\/elsalvador\/jovenes-millennials-2\/&amp;linknote=\" rel=\"nofollow noopener\" target=\"_blank\">\r\n\t\t\t\t    <i class=\"fab fa-facebook-f\"><\/i>\r\n\t\t\t\t<\/a><\/li>\r\n              <li><a class=\"\" href=\"https:\/\/twitter.com\/share?url=https:\/\/4amsaatchi.com\/elsalvador\/jovenes-millennials-2\/&amp;text=Simple%20Share%20Buttons&amp;hashtags=simplesharebuttons\" target=\"_blank\">\r\n\t\t        <i class=\"fab fa-twitter\"><\/i>\r\n\t\t    <\/a><\/li>\r\n              \r\n              <li><a class=\"\" href=\"http:\/\/www.linkedin.com\/shareArticle?mini=true&amp;url=https:\/\/4amsaatchi.com\/elsalvador\/jovenes-millennials-2\/\" target=\"_blank\">\r\n\t\t        <i class=\"fab fa-linkedin-in\"><\/i>\r\n\t\t    <\/a><\/li>\r\n            <\/ul>\r\n          <\/div>\r\n\t\t\t\t\t\t<\/div>\r\n\t\t\t\t\t\t<div class=\"extracto-otros col-md-11 col-xs-12\">\r\n\t\t\t\t\t\t\r\n\t\t\t\t\t\t<p class=\"autor\"><!-- <span>By<\/span> Bryan Aquino.<span> Posted<\/span> diciembre 4, 2018 --><\/p>\r\n\t\t\t\t\t\t<h6>J\u00d3VENES MILLENNIALS Y LA RESPONSABILIDAD SOCIAL EMPRESARIAL: UN SONDEO DE 4AM SAATCHI &#038; SAATCHI<\/h6>\r\n\r\n\t\t\t\t\t\t<p class=\"texto-blog\">Como hablamos en el anterior blog, a los j\u00f3venes guatemaltecos entrevistados por 4am Saatchi se les indag\u00f3 sobre la responsabilidad social, dej\u00e1ndonos claro que son capaces de identificar aspectos relacionados como, por ejemplo, el cuidado del medio ambiente, la buena relaci\u00f3n con las personas y la retribuci\u00f3n.<\/p>\r\n\t\t\t\t\t<\/div>\r\n\t\t\t\t\t<\/div>\r\n\t\t\t\t\t<div class=\"col-md-12 text-right\"><div class=\"btn-enviar-rosa\"><a href=\"https:\/\/4amsaatchi.com\/elsalvador\/jovenes-millennials-2\/\"\">LEER M\u00c1S<\/a><\/div><\/div>\r\n\t\t\t\t\t<\/div>\r\n\t\t\t\t\t\r\n\t\t\t\t\t\r\n\t\t\t\t\t\r\n\t\t\t\t<\/div>\r\n\t\t\t\t<\/div>\r\n\r\n\t\t\t\t\t\r\n\t\t\t\t<div class=\"blog-conte\" >\t\t\r\n\t\t\t\t<div class=\"col-lg-12 col-md-12 col-sm-12 col-xs-12 blog\">\r\n\t\t\t\t\t<a class=\"ol\" href=\"https:\/\/4amsaatchi.com\/elsalvador\/cinco-habilidades-que-un-ejecutivo-de-cuenta-debe-aprender-de-pete-campbell\/\">\r\n\t\t\t\t\t\t<div class=\"puntos-deco\">\r\n\t\t\t\t\t\t\t<img decoding=\"async\" class=\"puntos-d\" src=\"https:\/\/4amsaatchi.com\/elsalvador\/wp-content\/themes\/twentyseventeen\/assets\/images\/puntos.svg\" alt=\"\">\r\n\t\t\t\t\t\t<\/div>\r\n\t\t\t\t\t\t<div class=\"fecha-blog\">\r\n\t\t\t\t\t\t\t27 Nov\t\t\t\t\t\t<\/div>\r\n\t\t\t\t\t<div class=\"img-principal\">\r\n\t\t\t\t\t\t\r\n\t\t\t\t\t\t\t\t\t\t\t\t\t\r\n\t\t\t\t\t\t\r\n\t\t\t\t\t\t\r\n\t\t\t\t\t\t\r\n\t\t\t\t\t<\/div>\t\r\n\t\t\t\t<\/a>\r\n\t\t\t\t\t<div class=\"contenedor-extractos\">\r\n\t\t\t\t\t\t<div class=\"container-fluid\">\r\n\t\t\t\t\t\t\t\r\n\t\t\t\t\t\t\r\n\t\t\t\t\t\t<div class=\"redes-share col-md-1 col-xs-12\">\r\n\r\n\t\t\t\t\t\t\t<!-- <div class=\"redes-share-dos\">\r\n\t\t\t\t\t\t\t\t<span>share<\/span>\r\n            <ul>\r\n              <li><a href=\"https:\/\/www.facebook.com\/4amsaatchi\/\" target=\"_blank\"><i class=\"fab fa-facebook-f\"><\/i><\/a><\/li>\r\n              <li><a href=\"https:\/\/twitter.com\/4amsaatchi\" target=\"_blank\"><i class=\"fab fa-twitter\"><\/i><\/a><\/li>\r\n              \r\n              <li><a href=\"https:\/\/www.linkedin.com\/company\/4amsaatchigt\/\" target=\"_blank\"><i class=\"fab fa-linkedin-in\"><\/i><\/a><\/li>\r\n            <\/ul>\r\n          <\/div> -->\r\n          <div class=\"a2a_kit redes-share-dos \" data-a2a-url=\"https:\/\/4amsaatchi.com\/elsalvador\/cinco-habilidades-que-un-ejecutivo-de-cuenta-debe-aprender-de-pete-campbell\/\">\r\n\t\t\t\t\t\t\t\t<span>share<\/span>\r\n            <ul>\r\n              <li><a class=\"\" href=\"http:\/\/www.facebook.com\/sharer.php?u=https:\/\/4amsaatchi.com\/elsalvador\/cinco-habilidades-que-un-ejecutivo-de-cuenta-debe-aprender-de-pete-campbell\/&amp;linknote=\" rel=\"nofollow noopener\" target=\"_blank\">\r\n\t\t\t\t    <i class=\"fab fa-facebook-f\"><\/i>\r\n\t\t\t\t<\/a><\/li>\r\n              <li><a class=\"\" href=\"https:\/\/twitter.com\/share?url=https:\/\/4amsaatchi.com\/elsalvador\/cinco-habilidades-que-un-ejecutivo-de-cuenta-debe-aprender-de-pete-campbell\/&amp;text=Simple%20Share%20Buttons&amp;hashtags=simplesharebuttons\" target=\"_blank\">\r\n\t\t        <i class=\"fab fa-twitter\"><\/i>\r\n\t\t    <\/a><\/li>\r\n              \r\n              <li><a class=\"\" href=\"http:\/\/www.linkedin.com\/shareArticle?mini=true&amp;url=https:\/\/4amsaatchi.com\/elsalvador\/cinco-habilidades-que-un-ejecutivo-de-cuenta-debe-aprender-de-pete-campbell\/\" target=\"_blank\">\r\n\t\t        <i class=\"fab fa-linkedin-in\"><\/i>\r\n\t\t    <\/a><\/li>\r\n            <\/ul>\r\n          <\/div>\r\n\t\t\t\t\t\t<\/div>\r\n\t\t\t\t\t\t<div class=\"extracto-otros col-md-11 col-xs-12\">\r\n\t\t\t\t\t\t\r\n\t\t\t\t\t\t<p class=\"autor\"><!-- <span>By<\/span> Gabriela Guas.<span> Posted<\/span> noviembre 27, 2018 --><\/p>\r\n\t\t\t\t\t\t<h6>CINCO HABILIDADES QUE UN EJECUTIVO DE CUENTA DEBE APRENDER DE PETE CAMPBELL<\/h6>\r\n\r\n\t\t\t\t\t\t<p class=\"texto-blog\">Pete Campbell es un personaje televisivo que genera amores y odios por su actuaci\u00f3n en la famosa serie Mad Men, en ella se retrata la historia de una importante agencia de publicidad denominada \u201cSterling &amp; Cooper (SC&amp;P)\u201d.<\/p>\r\n\t\t\t\t\t<\/div>\r\n\t\t\t\t\t<\/div>\r\n\t\t\t\t\t<div class=\"col-md-12 text-right\"><div class=\"btn-enviar-rosa\"><a href=\"https:\/\/4amsaatchi.com\/elsalvador\/cinco-habilidades-que-un-ejecutivo-de-cuenta-debe-aprender-de-pete-campbell\/\"\">LEER M\u00c1S<\/a><\/div><\/div>\r\n\t\t\t\t\t<\/div>\r\n\t\t\t\t\t\r\n\t\t\t\t\t\r\n\t\t\t\t\t\r\n\t\t\t\t<\/div>\r\n\t\t\t\t<\/div>\r\n\r\n\t\t\t\t\r\n\t\t\t\t<div class=\"pagination-wrap \"><ul class=\"pagination\"><li class='bulletactive element'><a href='https:\/\/4amsaatchi.com\/elsalvador\/blog\/page\/1'>1<\/a><\/li><li class=' element'><a href='https:\/\/4amsaatchi.com\/elsalvador\/blog\/page\/2'>2<\/a><\/li><li class=' element'><a href='https:\/\/4amsaatchi.com\/elsalvador\/blog\/page\/3'>3<\/a><\/li><li class=' element'><a href='https:\/\/4amsaatchi.com\/elsalvador\/blog\/page\/4'>4<\/a><\/li><li class=' element'><a href='https:\/\/4amsaatchi.com\/elsalvador\/blog\/page\/5'>5<\/a><\/li><li><a class=\"next page-numbers\" href=\"https:\/\/4amsaatchi.com\/elsalvador\/blog\/page\/2\"><i class=\"fa fa-angle-right\" aria-hidden=\"true\"><\/i><\/a><\/li><\/ul><\/div>\t\t\t<\/div>\r\n\t\t\t \r\n\t\t\t\r\n\r\n\n<\/div>\n<\/div>\n<\/div>\n<\/div>\n<\/div>\n","protected":false},"excerpt":{"rendered":"CINCO HABILIDADES QUE UN EJECUTIVO DE CUENTA DEBE APRENDER DE PETE CAMPBELL Pete Campbell es un personaje televisivo que genera amores y odios por su actuaci\u00f3n en la famosa serie Mad Men, en ella se retrata la historia de una importante agencia de publicidad denominada \u201cSterling &amp; Cooper (SC&amp;P)\u201d. Pete ocupa un cargo significativo en &hellip; <p class=\"link-more\"><a href=\"https:\/\/4amsaatchi.com\/elsalvador\/cinco-habilidades-que-un-ejecutivo-de-cuenta-debe-aprender-de-pete-campbell\/\" class=\"more-link\">Continuar leyendo<span class=\"screen-reader-text\"> \u00abCINCO HABILIDADES QUE UN EJECUTIVO DE CUENTA DEBE APRENDER DE PETE CAMPBELL\u00bb<\/span><\/a><\/p>","protected":false},"author":3,"featured_media":0,"parent":0,"menu_order":0,"comment_status":"closed","ping_status":"closed","template":"blog.php","meta":{"inline_featured_image":false,"footnotes":""},"yoast_head":"<!-- This site is optimized with the Yoast SEO plugin v22.2 - https:\/\/yoast.com\/wordpress\/plugins\/seo\/ -->\n<title>Blog - El Salvador<\/title>\n<meta name=\"robots\" content=\"index, follow, max-snippet:-1, max-image-preview:large, max-video-preview:-1\" \/>\n<link rel=\"canonical\" href=\"https:\/\/4amsaatchi.com\/elsalvador\/blog\/\" \/>\n<meta property=\"og:locale\" content=\"es_ES\" \/>\n<meta property=\"og:type\" content=\"article\" \/>\n<meta property=\"og:title\" content=\"Blog - El Salvador\" \/>\n<meta property=\"og:description\" content=\"CINCO HABILIDADES QUE UN EJECUTIVO DE CUENTA DEBE APRENDER DE PETE CAMPBELL Pete Campbell es un personaje televisivo que genera amores y odios por su actuaci\u00f3n en la famosa serie Mad Men, en ella se retrata la historia de una importante agencia de publicidad denominada \u201cSterling &amp; Cooper (SC&amp;P)\u201d. Pete ocupa un cargo significativo en &hellip; Continuar leyendo &quot;CINCO HABILIDADES QUE UN EJECUTIVO DE CUENTA DEBE APRENDER DE PETE CAMPBELL&quot;\" \/>\n<meta property=\"og:url\" content=\"https:\/\/4amsaatchi.com\/elsalvador\/blog\/\" \/>\n<meta property=\"og:site_name\" content=\"El Salvador\" \/>\n<meta property=\"article:modified_time\" content=\"2018-07-05T15:16:29+00:00\" \/>\n<meta name=\"twitter:card\" content=\"summary_large_image\" \/>\n<script type=\"application\/ld+json\" class=\"yoast-schema-graph\">{\"@context\":\"https:\/\/schema.org\",\"@graph\":[{\"@type\":\"WebPage\",\"@id\":\"https:\/\/4amsaatchi.com\/elsalvador\/blog\/\",\"url\":\"https:\/\/4amsaatchi.com\/elsalvador\/blog\/\",\"name\":\"Blog - El Salvador\",\"isPartOf\":{\"@id\":\"https:\/\/4amsaatchi.com\/elsalvador\/#website\"},\"datePublished\":\"2018-04-30T19:29:15+00:00\",\"dateModified\":\"2018-07-05T15:16:29+00:00\",\"breadcrumb\":{\"@id\":\"https:\/\/4amsaatchi.com\/elsalvador\/blog\/#breadcrumb\"},\"inLanguage\":\"es\",\"potentialAction\":[{\"@type\":\"ReadAction\",\"target\":[\"https:\/\/4amsaatchi.com\/elsalvador\/blog\/\"]}]},{\"@type\":\"BreadcrumbList\",\"@id\":\"https:\/\/4amsaatchi.com\/elsalvador\/blog\/#breadcrumb\",\"itemListElement\":[{\"@type\":\"ListItem\",\"position\":1,\"name\":\"Portada\",\"item\":\"https:\/\/4amsaatchi.com\/elsalvador\/\"},{\"@type\":\"ListItem\",\"position\":2,\"name\":\"Blog\"}]},{\"@type\":\"WebSite\",\"@id\":\"https:\/\/4amsaatchi.com\/elsalvador\/#website\",\"url\":\"https:\/\/4amsaatchi.com\/elsalvador\/\",\"name\":\"El Salvador\",\"description\":\"\",\"potentialAction\":[{\"@type\":\"SearchAction\",\"target\":{\"@type\":\"EntryPoint\",\"urlTemplate\":\"https:\/\/4amsaatchi.com\/elsalvador\/?s={search_term_string}\"},\"query-input\":\"required name=search_term_string\"}],\"inLanguage\":\"es\"}]}<\/script>\n<!-- \/ Yoast SEO plugin. -->","yoast_head_json":{"title":"Blog - El Salvador","robots":{"index":"index","follow":"follow","max-snippet":"max-snippet:-1","max-image-preview":"max-image-preview:large","max-video-preview":"max-video-preview:-1"},"canonical":"https:\/\/4amsaatchi.com\/elsalvador\/blog\/","og_locale":"es_ES","og_type":"article","og_title":"Blog - El Salvador","og_description":"CINCO HABILIDADES QUE UN EJECUTIVO DE CUENTA DEBE APRENDER DE PETE CAMPBELL Pete Campbell es un personaje televisivo que genera amores y odios por su actuaci\u00f3n en la famosa serie Mad Men, en ella se retrata la historia de una importante agencia de publicidad denominada \u201cSterling &amp; Cooper (SC&amp;P)\u201d. Pete ocupa un cargo significativo en &hellip; Continuar leyendo \"CINCO HABILIDADES QUE UN EJECUTIVO DE CUENTA DEBE APRENDER DE PETE CAMPBELL\"","og_url":"https:\/\/4amsaatchi.com\/elsalvador\/blog\/","og_site_name":"El Salvador","article_modified_time":"2018-07-05T15:16:29+00:00","twitter_card":"summary_large_image","schema":{"@context":"https:\/\/schema.org","@graph":[{"@type":"WebPage","@id":"https:\/\/4amsaatchi.com\/elsalvador\/blog\/","url":"https:\/\/4amsaatchi.com\/elsalvador\/blog\/","name":"Blog - El Salvador","isPartOf":{"@id":"https:\/\/4amsaatchi.com\/elsalvador\/#website"},"datePublished":"2018-04-30T19:29:15+00:00","dateModified":"2018-07-05T15:16:29+00:00","breadcrumb":{"@id":"https:\/\/4amsaatchi.com\/elsalvador\/blog\/#breadcrumb"},"inLanguage":"es","potentialAction":[{"@type":"ReadAction","target":["https:\/\/4amsaatchi.com\/elsalvador\/blog\/"]}]},{"@type":"BreadcrumbList","@id":"https:\/\/4amsaatchi.com\/elsalvador\/blog\/#breadcrumb","itemListElement":[{"@type":"ListItem","position":1,"name":"Portada","item":"https:\/\/4amsaatchi.com\/elsalvador\/"},{"@type":"ListItem","position":2,"name":"Blog"}]},{"@type":"WebSite","@id":"https:\/\/4amsaatchi.com\/elsalvador\/#website","url":"https:\/\/4amsaatchi.com\/elsalvador\/","name":"El Salvador","description":"","potentialAction":[{"@type":"SearchAction","target":{"@type":"EntryPoint","urlTemplate":"https:\/\/4amsaatchi.com\/elsalvador\/?s={search_term_string}"},"query-input":"required name=search_term_string"}],"inLanguage":"es"}]}},"_links":{"self":[{"href":"https:\/\/4amsaatchi.com\/elsalvador\/wp-json\/wp\/v2\/pages\/13"}],"collection":[{"href":"https:\/\/4amsaatchi.com\/elsalvador\/wp-json\/wp\/v2\/pages"}],"about":[{"href":"https:\/\/4amsaatchi.com\/elsalvador\/wp-json\/wp\/v2\/types\/page"}],"author":[{"embeddable":true,"href":"https:\/\/4amsaatchi.com\/elsalvador\/wp-json\/wp\/v2\/users\/3"}],"replies":[{"embeddable":true,"href":"https:\/\/4amsaatchi.com\/elsalvador\/wp-json\/wp\/v2\/comments?post=13"}],"version-history":[{"count":5,"href":"https:\/\/4amsaatchi.com\/elsalvador\/wp-json\/wp\/v2\/pages\/13\/revisions"}],"predecessor-version":[{"id":357,"href":"https:\/\/4amsaatchi.com\/elsalvador\/wp-json\/wp\/v2\/pages\/13\/revisions\/357"}],"wp:attachment":[{"href":"https:\/\/4amsaatchi.com\/elsalvador\/wp-json\/wp\/v2\/media?parent=13"}],"curies":[{"name":"wp","href":"https:\/\/api.w.org\/{rel}","templated":true}]}}