{"id":12,"date":"2018-04-30T19:29:15","date_gmt":"2018-04-30T19:29:15","guid":{"rendered":"https:\/\/4amsaatchi.com\/?page_id=12"},"modified":"2018-06-20T22:30:00","modified_gmt":"2018-06-20T22:30:00","slug":"contact","status":"publish","type":"page","link":"https:\/\/4amsaatchi.com\/elsalvador\/contact\/","title":{"rendered":"Contact"},"content":{"rendered":"<div class=\"mp-row-fluid motopress-row mp-row-fullwidth mpce-prvt-12-5af3005c8d252 mpce-dsbl-margin-left mpce-dsbl-margin-right\">\n<div class=\"motopress-clmn mp-span12  mpce-dsbl-margin-left mpce-dsbl-margin-right\">\n<div class=\"mp-row-fluid motopress-row mpce-dsbl-margin-left mpce-dsbl-margin-right\">\n<div class=\"motopress-clmn mp-span12 mpce-dsbl-margin-left mpce-dsbl-margin-right\">\n<div class=\"motopress-code-obj motopress-margin-top-10\">\n<div class=\"col-md-6 col-sm-6 col-xs-12 text-center\"><img decoding=\"async\" class=\"alignnone size-full wp-image-66\" src=\"https:\/\/4amsaatchi.com\/wp-content\/uploads\/sites\/2\/2018\/05\/mano.png\" alt=\"\" height=\"450\" srcset=\"https:\/\/4amsaatchi.com\/elsalvador\/wp-content\/uploads\/sites\/2\/2018\/05\/mano.png 735w, https:\/\/4amsaatchi.com\/elsalvador\/wp-content\/uploads\/sites\/2\/2018\/05\/mano-248x300.png 248w\" sizes=\"(max-width: 735px) 100vw, 735px\" \/><\/div>\n<div class=\"col-md-6 col-sm-6 col-xs-12 text-center\">\n<h4 class=\"title-news-negro margin-top\"><img decoding=\"async\" class=\"alignnone size-full wp-image-329\" src=\"https:\/\/4amsaatchi.com\/wp-content\/uploads\/sites\/2\/2018\/05\/rayo-rojo.svg\" alt=\"\" height=\"40px\" \/>CONTACTO<a href=\"https:\/\/4amsaatchi.com\/wp-content\/uploads\/sites\/2\/2018\/05\/rayo.svg\"><img decoding=\"async\" class=\"alignnone size-full wp-image-329\" src=\"https:\/\/4amsaatchi.com\/wp-content\/uploads\/sites\/2\/2018\/05\/rayo-rojo.svg\" alt=\"\" \/><\/a><\/h4>\n\n<div class=\"wpcf7 no-js\" id=\"wpcf7-f390-o1\" lang=\"es-ES\" dir=\"ltr\">\n<div class=\"screen-reader-response\"><p role=\"status\" aria-live=\"polite\" aria-atomic=\"true\"><\/p> <ul><\/ul><\/div>\n<form action=\"\/elsalvador\/wp-json\/wp\/v2\/pages\/12#wpcf7-f390-o1\" method=\"post\" class=\"wpcf7-form init\" aria-label=\"Formulario de contacto\" novalidate=\"novalidate\" data-status=\"init\">\n<div style=\"display: none;\">\n<input type=\"hidden\" name=\"_wpcf7\" value=\"390\" \/>\n<input type=\"hidden\" name=\"_wpcf7_version\" value=\"5.9.2\" \/>\n<input type=\"hidden\" name=\"_wpcf7_locale\" value=\"es_ES\" \/>\n<input type=\"hidden\" name=\"_wpcf7_unit_tag\" value=\"wpcf7-f390-o1\" \/>\n<input type=\"hidden\" name=\"_wpcf7_container_post\" value=\"0\" \/>\n<input type=\"hidden\" name=\"_wpcf7_posted_data_hash\" value=\"\" \/>\n<input type=\"hidden\" name=\"_wpcf7_recaptcha_response\" value=\"\" \/>\n<\/div>\n<div class=\"contacto-home contact-form\">\n\t<div class=\"col-md-12\">\n\t\t<p><span class=\"wpcf7-form-control-wrap\" data-name=\"your-name\"><input size=\"40\" class=\"wpcf7-form-control wpcf7-text wpcf7-validates-as-required\" aria-required=\"true\" aria-invalid=\"false\" placeholder=\"Nombre\" value=\"\" type=\"text\" name=\"your-name\" \/><\/span>\n\t\t<\/p>\n\t<\/div>\n\t<div class=\"col-md-12\">\n\t\t<p><span class=\"wpcf7-form-control-wrap\" data-name=\"your-email\"><input size=\"40\" class=\"wpcf7-form-control wpcf7-email wpcf7-validates-as-required wpcf7-text wpcf7-validates-as-email\" aria-required=\"true\" aria-invalid=\"false\" placeholder=\"Correo Electr\u00f3nico\" value=\"\" type=\"email\" name=\"your-email\" \/><\/span>\n\t\t<\/p>\n\t<\/div>\n\t<div class=\"col-md-12\">\n\t\t<p><span class=\"wpcf7-form-control-wrap\" data-name=\"seleccion-pais\"><select class=\"wpcf7-form-control wpcf7-select wpcf7-validates-as-required selector-pais\" aria-required=\"true\" aria-invalid=\"false\" name=\"seleccion-pais\"><option value=\"Seleccionar Pa\u00eds\">Seleccionar Pa\u00eds<\/option><option value=\"Guatemala\">Guatemala<\/option><option value=\"Costa Rica\">Costa Rica<\/option><option value=\"Honduras\">Honduras<\/option><option value=\"El Salvador\">El Salvador<\/option><option value=\"Panam\u00e1\">Panam\u00e1<\/option><\/select><\/span>\n\t\t<\/p>\n\t<\/div>\n\t<div class=\"col-md-12\">\n\t\t<p><span class=\"wpcf7-form-control-wrap\" data-name=\"your-message\"><textarea cols=\"40\" rows=\"10\" class=\"wpcf7-form-control wpcf7-textarea\" aria-invalid=\"false\" placeholder=\"Mensaje\" name=\"your-message\"><\/textarea><\/span>\n\t\t<\/p>\n\t<\/div>\n\t<div class=\"btn-enviar\">\n\t\t<p><input class=\"wpcf7-form-control wpcf7-submit has-spinner\" type=\"submit\" value=\"Enviar\" \/>\n\t\t<\/p>\n\t<\/div>\n<\/div><div class=\"wpcf7-response-output\" aria-hidden=\"true\"><\/div>\n<\/form>\n<\/div>\n\n<\/div>\n<\/div>\n<\/div>\n<\/div>\n<div class=\"mp-row-fluid motopress-row mpce-dsbl-margin-left mpce-dsbl-margin-right\">\n<div class=\"motopress-clmn mp-span12 mpce-prvt-12-5af32d064217f mpce-dsbl-margin-left mpce-dsbl-margin-right  motopress-space\">\n<div class=\"motopress-space-obj mpce-dsbl-background-image-type mpce-dsbl-background-image mpce-dsbl-background-gradient mpce-dsbl-background-position mpce-dsbl-background-position-x mpce-dsbl-background-position-y mpce-dsbl-background-repeat mpce-dsbl-background-size mpce-dsbl-background-attachment mpce-dsbl-margin-left mpce-dsbl-margin-right mpce-dsbl-background-color mpce-dsbl-border-top-width mpce-dsbl-border-bottom-width mpce-dsbl-border-left-width mpce-dsbl-border-right-width mpce-dsbl-border-top-left-radius mpce-dsbl-border-top-right-radius mpce-dsbl-border-bottom-left-radius mpce-dsbl-border-bottom-right-radius mpce-dsbl-border-style mpce-dsbl-border-color mpce-dsbl-padding-left mpce-dsbl-padding-right mpce-dsbl-margin-top mpce-dsbl-margin-bottom mpce-dsbl-color motopress-margin-top-25\"  data-min-height=\"0\"><div><\/div><\/div>\n<\/div>\n<\/div>\n<\/div>\n<\/div>\n<div class=\"mp-row-fluid motopress-row mpce-dsbl-margin-left mpce-dsbl-margin-right\">\n<div class=\"motopress-clmn mp-span12  mpce-dsbl-margin-left mpce-dsbl-margin-right\">\n<div class=\"mp-row-fluid motopress-row mpce-dsbl-margin-left mpce-dsbl-margin-right\">\n<div class=\"motopress-clmn mp-span12 mpce-dsbl-margin-left mpce-dsbl-margin-right\">\n<div class=\"motopress-code-obj motopress-margin-top-10\">\n<div class=\"col-lg-4 col-md-4 col-sm-6 col-xs-12 text-center\">\n<h2 class=\"title-news-negro margin-top titulo-ciudad\">Guatemala<\/h2>\n<div class=\"barra-roja\"><\/div>\n<p><span class=\"direccion-tel\">DIRECCI\u00d3N:<\/span><br \/>\n<span class=\"ubicacion-numero\"><br \/>\n4am\u00a0Saatchi &amp; Saatchi<br \/>\n16 Calle, 1-01 Z.10 C.C. Pza.Obelisco Loc. 18A<\/span><br \/>\n<span class=\"ubicacion-numero\"><br \/>\nGuatemala<br \/>\n<\/span><br \/>\n<span class=\"direccion-tel\">TEL\u00c9FONO:<\/span><br \/>\n<span class=\"ubicacion-numero\"><br \/>\n+502 2429 1111<br \/>\n<\/span><\/p>\n<\/div>\n<div class=\"col-lg-4 col-md-4 col-sm-6 col-xs-12 text-center\">\n<h2 class=\"title-news-negro margin-top titulo-ciudad\">Honduras<\/h2>\n<div class=\"barra-roja\"><\/div>\n<p><span class=\"direccion-tel\">DIRECCI\u00d3N:<\/span><br \/>\n<span class=\"ubicacion-numero\"><br \/>\nBlvd. Suyapa,<br \/>\nEdif. \u00a0Metr\u00f3polis, T2 Local 22106<\/span><br \/>\n<span class=\"ubicacion-numero\"><br \/>\nTegucigalpa, Honduras<br \/>\n<\/span><br \/>\n<span class=\"direccion-tel\">TEL\u00c9FONO:<\/span><br \/>\n<span class=\"ubicacion-numero\"><br \/>\n+504\u00a02275 9995\/96<br \/>\n<\/span><\/p>\n<\/div>\n<div class=\"col-lg-4 col-md-4 col-sm-6 col-xs-12 text-center\">\n<h2 class=\"title-news-negro margin-top titulo-ciudad\">Costa Rica<\/h2>\n<div class=\"barra-roja\"><\/div>\n<p><span class=\"direccion-tel\">DIRECCI\u00d3N:<\/span><br \/>\n<span class=\"ubicacion-numero\"><br \/>\nParque Industrial Condal Tib\u00e1s,<\/span><br \/>\n<span class=\"ubicacion-numero\"><br \/>\nBodega #7<br \/>\n<\/span><br \/>\n<span class=\"direccion-tel\">TEL\u00c9FONO:<\/span><br \/>\n<span class=\"ubicacion-numero\"><br \/>\n+506 22350444<br \/>\n<\/span><\/p>\n<\/div>\n<div class=\"col-lg-offset-2 col-md-offset-2 col-sm-offset-0 col-xs-offset-0 col-lg-4 col-md-4 col-sm-6 col-xs-12 text-center\">\n<h2 class=\"title-news-negro margin-top titulo-ciudad\">El Salvador<\/h2>\n<div class=\"barra-roja\"><\/div>\n<p><span class=\"direccion-tel\">DIRECCI\u00d3N:<\/span><br \/>\n<span class=\"ubicacion-numero\"><br \/>\nFinal Calle La Mascota #5215<\/span><br \/>\n<span class=\"ubicacion-numero\"><br \/>\nSan Salvador, EL Salvador<br \/>\n<\/span><br \/>\n<span class=\"direccion-tel\">TEL\u00c9FONO:<\/span><br \/>\n<span class=\"ubicacion-numero\"><br \/>\n+503 2263 4999<br \/>\n<\/span><\/p>\n<\/div>\n<div class=\"col-lg-4 col-md-4 col-sm-6 col-xs-12 text-center\">\n<h2 class=\"title-news-negro margin-top titulo-ciudad\">Panam\u00e1<\/h2>\n<div class=\"barra-roja\"><\/div>\n<p><span class=\"direccion-tel\">DIRECCI\u00d3N:<\/span><br \/>\n<span class=\"ubicacion-numero\"><br \/>\nAv. La Rotonda, Edif. PH Castellammare, Ap. 22F<\/span><br \/>\n<span class=\"ubicacion-numero\"><br \/>\nCosta Este, Panam\u00e1.<br \/>\n<\/span><br \/>\n<span class=\"direccion-tel\">TEL\u00c9FONO:<\/span><br \/>\n<span class=\"ubicacion-numero\"><br \/>\n+507 388 0192<br \/>\n<\/span><\/p>\n<\/div>\n<\/div>\n<\/div>\n<\/div>\n<div class=\"mp-row-fluid motopress-row mpce-dsbl-margin-left mpce-dsbl-margin-right\">\n<div class=\"motopress-clmn mp-span12 mpce-prvt-12-5af32d064217f mpce-dsbl-margin-left mpce-dsbl-margin-right  motopress-space\">\n<div class=\"motopress-space-obj mpce-dsbl-background-image-type mpce-dsbl-background-image mpce-dsbl-background-gradient mpce-dsbl-background-position mpce-dsbl-background-position-x mpce-dsbl-background-position-y mpce-dsbl-background-repeat mpce-dsbl-background-size mpce-dsbl-background-attachment mpce-dsbl-margin-left mpce-dsbl-margin-right mpce-dsbl-background-color mpce-dsbl-border-top-width mpce-dsbl-border-bottom-width mpce-dsbl-border-left-width mpce-dsbl-border-right-width mpce-dsbl-border-top-left-radius mpce-dsbl-border-top-right-radius mpce-dsbl-border-bottom-left-radius mpce-dsbl-border-bottom-right-radius mpce-dsbl-border-style mpce-dsbl-border-color mpce-dsbl-padding-left mpce-dsbl-padding-right mpce-dsbl-margin-top mpce-dsbl-margin-bottom mpce-dsbl-color\"  data-min-height=\"0\"><div><\/div><\/div>\n<\/div>\n<\/div>\n<\/div>\n<\/div>\n<div class=\"mp-row-fluid motopress-row mp-row-fullwidth-content mpce-dsbl-margin-left mpce-dsbl-margin-right\">\n<div class=\"motopress-clmn mp-span12  mpce-dsbl-margin-left mpce-dsbl-margin-right\">\n<div class=\"barra-larga\"><\/div>\n<div id=\"wpgmza_map\" class=\"wpgmza_map\" data-settings=\"{&quot;id&quot;:&quot;1&quot;,&quot;map_title&quot;:&quot;Mi primer mapa&quot;,&quot;map_width&quot;:&quot;100&quot;,&quot;map_height&quot;:&quot;400&quot;,&quot;map_start_lat&quot;:&quot;12.061220&quot;,&quot;map_start_lng&quot;:&quot;-84.539451&quot;,&quot;map_start_location&quot;:&quot;12.06122008731273,-84.53945121875&quot;,&quot;map_start_zoom&quot;:&quot;6&quot;,&quot;default_marker&quot;:&quot;0&quot;,&quot;type&quot;:&quot;1&quot;,&quot;alignment&quot;:&quot;1&quot;,&quot;directions_enabled&quot;:&quot;1&quot;,&quot;styling_enabled&quot;:&quot;0&quot;,&quot;styling_json&quot;:&quot;&quot;,&quot;active&quot;:&quot;0&quot;,&quot;kml&quot;:&quot;&quot;,&quot;bicycle&quot;:&quot;0&quot;,&quot;traffic&quot;:&quot;0&quot;,&quot;dbox&quot;:&quot;1&quot;,&quot;dbox_width&quot;:&quot;100&quot;,&quot;listmarkers&quot;:&quot;0&quot;,&quot;listmarkers_advanced&quot;:&quot;0&quot;,&quot;filterbycat&quot;:&quot;0&quot;,&quot;ugm_enabled&quot;:&quot;0&quot;,&quot;ugm_category_enabled&quot;:&quot;0&quot;,&quot;fusion&quot;:&quot;&quot;,&quot;map_width_type&quot;:&quot;\\\\%&quot;,&quot;map_height_type&quot;:&quot;px&quot;,&quot;mass_marker_support&quot;:&quot;1&quot;,&quot;ugm_access&quot;:&quot;0&quot;,&quot;order_markers_by&quot;:&quot;1&quot;,&quot;order_markers_choice&quot;:&quot;2&quot;,&quot;show_user_location&quot;:&quot;0&quot;,&quot;default_to&quot;:&quot;&quot;,&quot;other_settings&quot;:{&quot;store_locator_enabled&quot;:2,&quot;store_locator_distance&quot;:2,&quot;store_locator_default_radius&quot;:&quot;10&quot;,&quot;store_locator_not_found_message&quot;:&quot;No se han encontrado resultados en esta ubicaci\\u00f3n. Vuelve a intentarlo.&quot;,&quot;store_locator_bounce&quot;:1,&quot;store_locator_query_string&quot;:&quot;ZIP \\\/ C\\u00f3digo Postal \\\/ Direcci\\u00f3n&quot;,&quot;store_locator_default_address&quot;:&quot;&quot;,&quot;wpgmza_store_locator_restrict&quot;:&quot;&quot;,&quot;store_locator_style&quot;:&quot;modern&quot;,&quot;wpgmza_store_locator_radius_style&quot;:&quot;modern&quot;,&quot;map_max_zoom&quot;:&quot;1&quot;,&quot;transport_layer&quot;:0,&quot;wpgmza_theme_data&quot;:&quot;&quot;,&quot;wpgmza_show_points_of_interest&quot;:1}}\" data-map-id='1' Data-maps-engine='' data-shortcode-attributes=\"{&quot;id&quot;:&quot;1&quot;}\" style=\"display:block; overflow:auto; width:100%; height:400px; float:left;\"><\/div>\n<\/div>\n<\/div>\n","protected":false},"excerpt":{"rendered":"CONTACTO Seleccionar Pa\u00edsGuatemalaCosta RicaHondurasEl SalvadorPanam\u00e1 Guatemala DIRECCI\u00d3N: 4am\u00a0Saatchi &amp; Saatchi 16 Calle, 1-01 Z.10 C.C. Pza.Obelisco Loc. 18A Guatemala TEL\u00c9FONO: +502 2429 1111 Honduras DIRECCI\u00d3N: Blvd. Suyapa, Edif. \u00a0Metr\u00f3polis, T2 Local 22106 Tegucigalpa, Honduras TEL\u00c9FONO: +504\u00a02275 9995\/96 Costa Rica DIRECCI\u00d3N: Parque Industrial Condal Tib\u00e1s, Bodega #7 TEL\u00c9FONO: +506 22350444 El Salvador DIRECCI\u00d3N: Final Calle La &hellip; <p class=\"link-more\"><a href=\"https:\/\/4amsaatchi.com\/elsalvador\/contact\/\" class=\"more-link\">Continuar leyendo<span class=\"screen-reader-text\"> \u00abContact\u00bb<\/span><\/a><\/p>","protected":false},"author":3,"featured_media":7,"parent":0,"menu_order":0,"comment_status":"closed","ping_status":"closed","template":"contacto.php","meta":{"inline_featured_image":false,"footnotes":""},"yoast_head":"<!-- This site is optimized with the Yoast SEO plugin v22.2 - https:\/\/yoast.com\/wordpress\/plugins\/seo\/ -->\n<title>Contact - El Salvador<\/title>\n<meta name=\"robots\" content=\"index, follow, max-snippet:-1, max-image-preview:large, max-video-preview:-1\" \/>\n<link rel=\"canonical\" href=\"https:\/\/4amsaatchi.com\/elsalvador\/contact\/\" \/>\n<meta property=\"og:locale\" content=\"es_ES\" \/>\n<meta property=\"og:type\" content=\"article\" \/>\n<meta property=\"og:title\" content=\"Contact - El Salvador\" \/>\n<meta property=\"og:description\" content=\"CONTACTO Seleccionar Pa\u00edsGuatemalaCosta RicaHondurasEl SalvadorPanam\u00e1 Guatemala DIRECCI\u00d3N: 4am\u00a0Saatchi &amp; Saatchi 16 Calle, 1-01 Z.10 C.C. Pza.Obelisco Loc. 18A Guatemala TEL\u00c9FONO: +502 2429 1111 Honduras DIRECCI\u00d3N: Blvd. Suyapa, Edif. \u00a0Metr\u00f3polis, T2 Local 22106 Tegucigalpa, Honduras TEL\u00c9FONO: +504\u00a02275 9995\/96 Costa Rica DIRECCI\u00d3N: Parque Industrial Condal Tib\u00e1s, Bodega #7 TEL\u00c9FONO: +506 22350444 El Salvador DIRECCI\u00d3N: Final Calle La &hellip; Continuar leyendo &quot;Contact&quot;\" \/>\n<meta property=\"og:url\" content=\"https:\/\/4amsaatchi.com\/elsalvador\/contact\/\" \/>\n<meta property=\"og:site_name\" content=\"El Salvador\" \/>\n<meta property=\"article:modified_time\" content=\"2018-06-20T22:30:00+00:00\" \/>\n<meta property=\"og:image\" content=\"https:\/\/4amsaatchi.com\/elsalvador\/wp-content\/uploads\/sites\/2\/2018\/04\/espresso.jpg\" \/>\n\t<meta property=\"og:image:width\" content=\"2000\" \/>\n\t<meta property=\"og:image:height\" content=\"1200\" \/>\n\t<meta property=\"og:image:type\" content=\"image\/jpeg\" \/>\n<meta name=\"twitter:card\" content=\"summary_large_image\" \/>\n<script type=\"application\/ld+json\" class=\"yoast-schema-graph\">{\"@context\":\"https:\/\/schema.org\",\"@graph\":[{\"@type\":\"WebPage\",\"@id\":\"https:\/\/4amsaatchi.com\/elsalvador\/contact\/\",\"url\":\"https:\/\/4amsaatchi.com\/elsalvador\/contact\/\",\"name\":\"Contact - El Salvador\",\"isPartOf\":{\"@id\":\"https:\/\/4amsaatchi.com\/elsalvador\/#website\"},\"primaryImageOfPage\":{\"@id\":\"https:\/\/4amsaatchi.com\/elsalvador\/contact\/#primaryimage\"},\"image\":{\"@id\":\"https:\/\/4amsaatchi.com\/elsalvador\/contact\/#primaryimage\"},\"thumbnailUrl\":\"https:\/\/4amsaatchi.com\/elsalvador\/wp-content\/uploads\/sites\/2\/2018\/04\/espresso.jpg\",\"datePublished\":\"2018-04-30T19:29:15+00:00\",\"dateModified\":\"2018-06-20T22:30:00+00:00\",\"breadcrumb\":{\"@id\":\"https:\/\/4amsaatchi.com\/elsalvador\/contact\/#breadcrumb\"},\"inLanguage\":\"es\",\"potentialAction\":[{\"@type\":\"ReadAction\",\"target\":[\"https:\/\/4amsaatchi.com\/elsalvador\/contact\/\"]}]},{\"@type\":\"ImageObject\",\"inLanguage\":\"es\",\"@id\":\"https:\/\/4amsaatchi.com\/elsalvador\/contact\/#primaryimage\",\"url\":\"https:\/\/4amsaatchi.com\/elsalvador\/wp-content\/uploads\/sites\/2\/2018\/04\/espresso.jpg\",\"contentUrl\":\"https:\/\/4amsaatchi.com\/elsalvador\/wp-content\/uploads\/sites\/2\/2018\/04\/espresso.jpg\",\"width\":2000,\"height\":1200},{\"@type\":\"BreadcrumbList\",\"@id\":\"https:\/\/4amsaatchi.com\/elsalvador\/contact\/#breadcrumb\",\"itemListElement\":[{\"@type\":\"ListItem\",\"position\":1,\"name\":\"Portada\",\"item\":\"https:\/\/4amsaatchi.com\/elsalvador\/\"},{\"@type\":\"ListItem\",\"position\":2,\"name\":\"Contact\"}]},{\"@type\":\"WebSite\",\"@id\":\"https:\/\/4amsaatchi.com\/elsalvador\/#website\",\"url\":\"https:\/\/4amsaatchi.com\/elsalvador\/\",\"name\":\"El Salvador\",\"description\":\"\",\"potentialAction\":[{\"@type\":\"SearchAction\",\"target\":{\"@type\":\"EntryPoint\",\"urlTemplate\":\"https:\/\/4amsaatchi.com\/elsalvador\/?s={search_term_string}\"},\"query-input\":\"required name=search_term_string\"}],\"inLanguage\":\"es\"}]}<\/script>\n<!-- \/ Yoast SEO plugin. -->","yoast_head_json":{"title":"Contact - El Salvador","robots":{"index":"index","follow":"follow","max-snippet":"max-snippet:-1","max-image-preview":"max-image-preview:large","max-video-preview":"max-video-preview:-1"},"canonical":"https:\/\/4amsaatchi.com\/elsalvador\/contact\/","og_locale":"es_ES","og_type":"article","og_title":"Contact - El Salvador","og_description":"CONTACTO Seleccionar Pa\u00edsGuatemalaCosta RicaHondurasEl SalvadorPanam\u00e1 Guatemala DIRECCI\u00d3N: 4am\u00a0Saatchi &amp; Saatchi 16 Calle, 1-01 Z.10 C.C. Pza.Obelisco Loc. 18A Guatemala TEL\u00c9FONO: +502 2429 1111 Honduras DIRECCI\u00d3N: Blvd. Suyapa, Edif. \u00a0Metr\u00f3polis, T2 Local 22106 Tegucigalpa, Honduras TEL\u00c9FONO: +504\u00a02275 9995\/96 Costa Rica DIRECCI\u00d3N: Parque Industrial Condal Tib\u00e1s, Bodega #7 TEL\u00c9FONO: +506 22350444 El Salvador DIRECCI\u00d3N: Final Calle La &hellip; Continuar leyendo \"Contact\"","og_url":"https:\/\/4amsaatchi.com\/elsalvador\/contact\/","og_site_name":"El Salvador","article_modified_time":"2018-06-20T22:30:00+00:00","og_image":[{"width":2000,"height":1200,"url":"https:\/\/4amsaatchi.com\/elsalvador\/wp-content\/uploads\/sites\/2\/2018\/04\/espresso.jpg","type":"image\/jpeg"}],"twitter_card":"summary_large_image","schema":{"@context":"https:\/\/schema.org","@graph":[{"@type":"WebPage","@id":"https:\/\/4amsaatchi.com\/elsalvador\/contact\/","url":"https:\/\/4amsaatchi.com\/elsalvador\/contact\/","name":"Contact - El Salvador","isPartOf":{"@id":"https:\/\/4amsaatchi.com\/elsalvador\/#website"},"primaryImageOfPage":{"@id":"https:\/\/4amsaatchi.com\/elsalvador\/contact\/#primaryimage"},"image":{"@id":"https:\/\/4amsaatchi.com\/elsalvador\/contact\/#primaryimage"},"thumbnailUrl":"https:\/\/4amsaatchi.com\/elsalvador\/wp-content\/uploads\/sites\/2\/2018\/04\/espresso.jpg","datePublished":"2018-04-30T19:29:15+00:00","dateModified":"2018-06-20T22:30:00+00:00","breadcrumb":{"@id":"https:\/\/4amsaatchi.com\/elsalvador\/contact\/#breadcrumb"},"inLanguage":"es","potentialAction":[{"@type":"ReadAction","target":["https:\/\/4amsaatchi.com\/elsalvador\/contact\/"]}]},{"@type":"ImageObject","inLanguage":"es","@id":"https:\/\/4amsaatchi.com\/elsalvador\/contact\/#primaryimage","url":"https:\/\/4amsaatchi.com\/elsalvador\/wp-content\/uploads\/sites\/2\/2018\/04\/espresso.jpg","contentUrl":"https:\/\/4amsaatchi.com\/elsalvador\/wp-content\/uploads\/sites\/2\/2018\/04\/espresso.jpg","width":2000,"height":1200},{"@type":"BreadcrumbList","@id":"https:\/\/4amsaatchi.com\/elsalvador\/contact\/#breadcrumb","itemListElement":[{"@type":"ListItem","position":1,"name":"Portada","item":"https:\/\/4amsaatchi.com\/elsalvador\/"},{"@type":"ListItem","position":2,"name":"Contact"}]},{"@type":"WebSite","@id":"https:\/\/4amsaatchi.com\/elsalvador\/#website","url":"https:\/\/4amsaatchi.com\/elsalvador\/","name":"El Salvador","description":"","potentialAction":[{"@type":"SearchAction","target":{"@type":"EntryPoint","urlTemplate":"https:\/\/4amsaatchi.com\/elsalvador\/?s={search_term_string}"},"query-input":"required name=search_term_string"}],"inLanguage":"es"}]}},"_links":{"self":[{"href":"https:\/\/4amsaatchi.com\/elsalvador\/wp-json\/wp\/v2\/pages\/12"}],"collection":[{"href":"https:\/\/4amsaatchi.com\/elsalvador\/wp-json\/wp\/v2\/pages"}],"about":[{"href":"https:\/\/4amsaatchi.com\/elsalvador\/wp-json\/wp\/v2\/types\/page"}],"author":[{"embeddable":true,"href":"https:\/\/4amsaatchi.com\/elsalvador\/wp-json\/wp\/v2\/users\/3"}],"replies":[{"embeddable":true,"href":"https:\/\/4amsaatchi.com\/elsalvador\/wp-json\/wp\/v2\/comments?post=12"}],"version-history":[{"count":63,"href":"https:\/\/4amsaatchi.com\/elsalvador\/wp-json\/wp\/v2\/pages\/12\/revisions"}],"predecessor-version":[{"id":1266,"href":"https:\/\/4amsaatchi.com\/elsalvador\/wp-json\/wp\/v2\/pages\/12\/revisions\/1266"}],"wp:featuredmedia":[{"embeddable":true,"href":"https:\/\/4amsaatchi.com\/elsalvador\/wp-json\/wp\/v2\/media\/7"}],"wp:attachment":[{"href":"https:\/\/4amsaatchi.com\/elsalvador\/wp-json\/wp\/v2\/media?parent=12"}],"curies":[{"name":"wp","href":"https:\/\/api.w.org\/{rel}","templated":true}]}}