{"id":11,"date":"2018-04-30T19:29:15","date_gmt":"2018-04-30T19:29:15","guid":{"rendered":"https:\/\/4amsaatchi.com\/?page_id=11"},"modified":"2019-01-16T15:15:39","modified_gmt":"2019-01-16T15:15:39","slug":"people-first","status":"publish","type":"page","link":"https:\/\/4amsaatchi.com\/elsalvador\/people-first\/","title":{"rendered":"People First"},"content":{"rendered":"<div class=\"mp-row-fluid motopress-row mp-row-fullwidth-content mpce-dsbl-margin-left mpce-dsbl-margin-right\">\n<div class=\"motopress-clmn mp-span12  mpce-dsbl-margin-left mpce-dsbl-margin-right\">\n<div class=\"mp-row-fluid motopress-row mpce-dsbl-margin-left mpce-dsbl-margin-right\">\n<div class=\"motopress-clmn mp-span12 mpce-dsbl-margin-left mpce-dsbl-margin-right\">\n<div class=\"motopress-video-obj\"><iframe src=\"\/\/www.youtube.com\/embed\/OOmGpBn2okQ?wmode=opaque\" class=\" mpce-dsbl-margin-left mpce-dsbl-margin-right mpce-dsbl-margin-top mpce-dsbl-margin-bottom\" frameborder=\"0\" webkitallowfullscreen mozallowfullscreen allowfullscreen><\/iframe><\/div>\n<\/div>\n<\/div>\n<div class=\"mp-row-fluid motopress-row mp-row-fixed-width mpce-dsbl-margin-left mpce-dsbl-margin-right\">\n<\/div>\n<\/div>\n<\/div>\n<div class=\"mp-row-fluid motopress-row mp-row-fullwidth mpce-prvt-197-5af36faf161a8 mpce-dsbl-margin-left mpce-dsbl-margin-right\">\n<div class=\"motopress-clmn mp-span12  mpce-dsbl-margin-left mpce-dsbl-margin-right\">\n<div class=\"mp-row-fluid motopress-row mpce-dsbl-margin-left mpce-dsbl-margin-right\">\n<div class=\"motopress-clmn mp-span12 mpce-dsbl-margin-left mpce-dsbl-margin-right\">\n<div class=\"motopress-code-obj motopress-margin-top-50 motopress-margin-bottom-20\">\n<div class=\"cent-align\">\n<div class=\"col-md-7 col-sm-7 col-xs-12 titulares\">\n<div class=\"bg-pal\">PEOPLE<br \/>\n<span class=\"seg\">FIRST<\/span><\/div>\n<p class=\"tit\">PEOPLE FIRST<\/p>\n<\/div>\n<div class=\"col-md-5 col-sm-5 col-xs-12 breadcrumb\">\n<div class=\"cont-bread\">\n<p><a class=\"home home-pf\" href=\"https:\/\/4amsaatchi.com\/\">HOME<\/a><span class=\"slash\">\/<\/span><\/p>\n<div class=\"seg seg-pf\">PEOPLE FIRST<\/div>\n<\/div>\n<\/div>\n<\/div>\n<\/div>\n<\/div>\n<\/div>\n<div class=\"mp-row-fluid motopress-row mpce-dsbl-margin-left mpce-dsbl-margin-right\">\n<div class=\"motopress-clmn mp-span6 mpce-dsbl-margin-left mpce-dsbl-margin-right\">\n<div class=\"motopress-code-obj motopress-margin-top-25 motopress-margin-left-10 motopress-margin-right-10 parrafos-people\">\n<p><span style=\"font-weight: 400;\">4am Saatchi &#038; Saatchi da un salto importante en la industria de la publicidad en Centroam\u00e9rica. Pasa de ser una agencia dividida en unidades de negocio, que generalmente est\u00e1n desintegradas, a una agencia integrada por unidades de capacidad:<\/span><\/p>\n<p><b>DATA<\/b><span style=\"font-weight: 400;\">, una unidad donde se capta y analiza la informaci\u00f3n del comportamiento de las personas. <\/span><b>INSIGHT<\/b><span style=\"font-weight: 400;\">, donde se transforma los datos en entendimiento valioso para las marcas. <\/span><b>CONEXI\u00d3N<\/b><span style=\"font-weight: 400;\">, de d\u00f3nde surgen las ideas de comunicaci\u00f3n y negocios para las personas y las marcas. Y, <\/span><b>EXPERIENCIAS<\/b><span style=\"font-weight: 400;\">, donde se vuelve tangible People First mediante estrategias enfocadas a conectar las personas con las marcas. \u00a0<\/span><\/p>\n<p><i>\u201cBuscamos humanizar las marcas y su comunicaci\u00f3n, entendiendo lo que las personas necesitan, de esta forma, podemos apoyar la transformaci\u00f3n de los negocios de nuestros clientes\u201d Afirma Guillermo Mart\u00ednez.<\/i><\/p>\n<\/div>\n<\/div>\n<div class=\"motopress-clmn mp-span6 mpce-dsbl-margin-left mpce-dsbl-margin-right\">\n<div class=\"motopress-image-obj motopress-text-align-center\"><img decoding=\"async\" src=\"https:\/\/4amsaatchi.com\/elsalvador\/wp-content\/uploads\/sites\/2\/2018\/05\/new_data_insight_conexion_experiencias.png\" title=\"new_data_insight_conexion_experiencias\" alt=\"new_data_insight_conexion_experiencias\" class=\"motopress-image-obj-basic subir-img mpce-dsbl-margin-left mpce-dsbl-margin-right mpce-dsbl-margin-top mpce-dsbl-margin-bottom\" \/><\/div>\n<\/div>\n<\/div>\n<div class=\"mp-row-fluid motopress-row mpce-dsbl-margin-left mpce-dsbl-margin-right\">\n<div class=\"motopress-clmn mp-span12 mpce-dsbl-margin-left mpce-dsbl-margin-right\">\n<div class=\"motopress-code-obj subir-texto-people\">\n<div class=\"col-md-12 col-sm-12 col-xs-12\">\n<p class=\"tit-pf\">QU\u00c9 SIGNIFICA 4AM<\/p>\n<div class=\"barra-tit-pf\"><\/div>\n<p class=\"parrafos-personas\">4am es la l\u00ednea que divide la noche del d\u00eda. Es donde los sue\u00f1os y la realidad convergen en uno mismo. Es una hora m\u00e1gica donde sue\u00f1as lo que te gustar\u00eda llegar a ser. La \u00fanica forma tangible de realizar un sue\u00f1o, es a trav\u00e9s de una idea.<\/p>\n<\/div>\n<\/div>\n<\/div>\n<\/div>\n<\/div>\n<\/div>\n<div class=\"mp-row-fluid motopress-row mpce-dsbl-margin-left mpce-dsbl-margin-right\">\n<div class=\"motopress-clmn mp-span12  mpce-dsbl-margin-left mpce-dsbl-margin-right  motopress-space\">\n<div class=\"motopress-space-obj mpce-dsbl-background-image-type mpce-dsbl-background-image mpce-dsbl-background-gradient mpce-dsbl-background-position mpce-dsbl-background-position-x mpce-dsbl-background-position-y mpce-dsbl-background-repeat mpce-dsbl-background-size mpce-dsbl-background-attachment mpce-dsbl-margin-left mpce-dsbl-margin-right mpce-dsbl-background-color mpce-dsbl-border-top-width mpce-dsbl-border-bottom-width mpce-dsbl-border-left-width mpce-dsbl-border-right-width mpce-dsbl-border-top-left-radius mpce-dsbl-border-top-right-radius mpce-dsbl-border-bottom-left-radius mpce-dsbl-border-bottom-right-radius mpce-dsbl-border-style mpce-dsbl-border-color mpce-dsbl-padding-left mpce-dsbl-padding-right mpce-dsbl-margin-top mpce-dsbl-margin-bottom mpce-dsbl-color motopress-margin-top-10\"  data-min-height=\"0\"><div><\/div><\/div>\n<\/div>\n<\/div>\n<div class=\"mp-row-fluid motopress-row mp-row-fullwidth mpce-prvt-197-5af36faf161a8 mpce-dsbl-margin-left mpce-dsbl-margin-right\">\n<div class=\"motopress-clmn mp-span12  mpce-dsbl-margin-left mpce-dsbl-margin-right\">\n<div class=\"mp-row-fluid motopress-row mpce-dsbl-margin-left mpce-dsbl-margin-right\">\n<div class=\"motopress-clmn mp-span12 mpce-dsbl-margin-left mpce-dsbl-margin-right\">\n<div class=\"motopress-code-obj\">\n<div class=\"col-md-12 col-sm-12 col-xs-12\">\n<p class=\"tit-pf\">NUESTRO ESP\u00cdRITU<\/p>\n<div class=\"barra-tit-pf\"><\/div>\n<p><img loading=\"lazy\" decoding=\"async\" class=\"size-full wp-image-1080 alignnone\" src=\"https:\/\/4amsaatchi.com\/wp-content\/uploads\/sites\/2\/2018\/05\/espiritu.png\" alt=\"\" width=\"469\" height=\"89\" srcset=\"https:\/\/4amsaatchi.com\/elsalvador\/wp-content\/uploads\/sites\/2\/2018\/05\/espiritu.png 469w, https:\/\/4amsaatchi.com\/elsalvador\/wp-content\/uploads\/sites\/2\/2018\/05\/espiritu-300x57.png 300w\" sizes=\"(max-width: 469px) 100vw, 469px\" \/><\/p>\n<p class=\"parrafos-personas\">Tenemos un esp\u00edritu inquebrantable y la actitud de constante mejora, ya que creemos que nada es imposible. Llevamos m\u00e1s de 40 a\u00f1os, contamos con 300 empleados y tenemos operaciones en Guatemala, Honduras, Costa Rica, El Salvador y Panam\u00e1.<\/p>\n<\/div>\n<\/div>\n<\/div>\n<\/div>\n<\/div>\n<\/div>\n<div class=\"mp-row-fluid motopress-row mpce-dsbl-margin-left mpce-dsbl-margin-right\">\n<div class=\"motopress-clmn mp-span12  mpce-dsbl-margin-left mpce-dsbl-margin-right  motopress-space\">\n<div class=\"motopress-space-obj mpce-dsbl-background-image-type mpce-dsbl-background-image mpce-dsbl-background-gradient mpce-dsbl-background-position mpce-dsbl-background-position-x mpce-dsbl-background-position-y mpce-dsbl-background-repeat mpce-dsbl-background-size mpce-dsbl-background-attachment mpce-dsbl-margin-left mpce-dsbl-margin-right mpce-dsbl-background-color mpce-dsbl-border-top-width mpce-dsbl-border-bottom-width mpce-dsbl-border-left-width mpce-dsbl-border-right-width mpce-dsbl-border-top-left-radius mpce-dsbl-border-top-right-radius mpce-dsbl-border-bottom-left-radius mpce-dsbl-border-bottom-right-radius mpce-dsbl-border-style mpce-dsbl-border-color mpce-dsbl-padding-left mpce-dsbl-padding-right mpce-dsbl-margin-top mpce-dsbl-margin-bottom mpce-dsbl-color motopress-margin-top-10\"  data-min-height=\"0\"><div><\/div><\/div>\n<\/div>\n<\/div>\n<div class=\"mp-row-fluid motopress-row mp-row-fullwidth mpce-prvt-197-5af36faf161a8 mpce-dsbl-margin-left mpce-dsbl-margin-right\">\n<div class=\"motopress-clmn mp-span12  mpce-dsbl-margin-left mpce-dsbl-margin-right\">\n<div class=\"mp-row-fluid motopress-row mpce-dsbl-margin-left mpce-dsbl-margin-right\">\n<div class=\"motopress-clmn mp-span12 mpce-dsbl-margin-left mpce-dsbl-margin-right\">\n<div class=\"motopress-code-obj\">\n<div class=\"col-md-12 col-sm-12 col-xs-12\">\n<p class=\"tit-pf\">LO QUE SOMOS<\/p>\n<div class=\"barra-tit-pf\"><\/div>\n<p class=\"parrafos-personas\">Una agencia integral de mercadeo, comunicaci\u00f3n y publicidad.<\/p>\n<\/div>\n<\/div>\n<\/div>\n<\/div>\n<\/div>\n<\/div>\n<div class=\"mp-row-fluid motopress-row mpce-dsbl-margin-left mpce-dsbl-margin-right\">\n<div class=\"motopress-clmn mp-span12  mpce-dsbl-margin-left mpce-dsbl-margin-right\">\n<div class=\"motopress-code-obj\">\n<div class=\"cr-ver\">\n<div class=\"btn-ver\"><a class=\"btn-degra\" href=\"\/elsalvador\/contact\/\">CONT\u00c1CTANOS<\/a><\/div>\n<\/div>\n<\/div>\n<\/div>\n<\/div>\n<div class=\"mp-row-fluid motopress-row mpce-dsbl-margin-left mpce-dsbl-margin-right\">\n<div class=\"motopress-clmn mp-span12  mpce-dsbl-margin-left mpce-dsbl-margin-right  motopress-space\">\n<div class=\"motopress-space-obj mpce-dsbl-background-image-type mpce-dsbl-background-image mpce-dsbl-background-gradient mpce-dsbl-background-position mpce-dsbl-background-position-x mpce-dsbl-background-position-y mpce-dsbl-background-repeat mpce-dsbl-background-size mpce-dsbl-background-attachment mpce-dsbl-margin-left mpce-dsbl-margin-right mpce-dsbl-background-color mpce-dsbl-border-top-width mpce-dsbl-border-bottom-width mpce-dsbl-border-left-width mpce-dsbl-border-right-width mpce-dsbl-border-top-left-radius mpce-dsbl-border-top-right-radius mpce-dsbl-border-bottom-left-radius mpce-dsbl-border-bottom-right-radius mpce-dsbl-border-style mpce-dsbl-border-color mpce-dsbl-padding-left mpce-dsbl-padding-right mpce-dsbl-margin-top mpce-dsbl-margin-bottom mpce-dsbl-color motopress-margin-top-10\"  data-min-height=\"0\"><div><\/div><\/div>\n<\/div>\n<\/div>\n<div class=\"mp-row-fluid motopress-row mpce-dsbl-margin-left mpce-dsbl-margin-right\">\n<div class=\"motopress-clmn mp-span12  mpce-dsbl-margin-left mpce-dsbl-margin-right  motopress-space\">\n<div class=\"motopress-space-obj mpce-dsbl-background-image-type mpce-dsbl-background-image mpce-dsbl-background-gradient mpce-dsbl-background-position mpce-dsbl-background-position-x mpce-dsbl-background-position-y mpce-dsbl-background-repeat mpce-dsbl-background-size mpce-dsbl-background-attachment mpce-dsbl-margin-left mpce-dsbl-margin-right mpce-dsbl-background-color mpce-dsbl-border-top-width mpce-dsbl-border-bottom-width mpce-dsbl-border-left-width mpce-dsbl-border-right-width mpce-dsbl-border-top-left-radius mpce-dsbl-border-top-right-radius mpce-dsbl-border-bottom-left-radius mpce-dsbl-border-bottom-right-radius mpce-dsbl-border-style mpce-dsbl-border-color mpce-dsbl-padding-left mpce-dsbl-padding-right mpce-dsbl-margin-top mpce-dsbl-margin-bottom mpce-dsbl-color motopress-margin-top-10\"  data-min-height=\"0\"><div><\/div><\/div>\n<\/div>\n<\/div>\n<div class=\"mp-row-fluid motopress-row mpce-dsbl-margin-left mpce-dsbl-margin-right\">\n<div class=\"motopress-clmn mp-span12  mpce-dsbl-margin-left mpce-dsbl-margin-right  motopress-space\">\n<div class=\"motopress-space-obj mpce-dsbl-background-image-type mpce-dsbl-background-image mpce-dsbl-background-gradient mpce-dsbl-background-position mpce-dsbl-background-position-x mpce-dsbl-background-position-y mpce-dsbl-background-repeat mpce-dsbl-background-size mpce-dsbl-background-attachment mpce-dsbl-margin-left mpce-dsbl-margin-right mpce-dsbl-background-color mpce-dsbl-border-top-width mpce-dsbl-border-bottom-width mpce-dsbl-border-left-width mpce-dsbl-border-right-width mpce-dsbl-border-top-left-radius mpce-dsbl-border-top-right-radius mpce-dsbl-border-bottom-left-radius mpce-dsbl-border-bottom-right-radius mpce-dsbl-border-style mpce-dsbl-border-color mpce-dsbl-padding-left mpce-dsbl-padding-right mpce-dsbl-margin-top mpce-dsbl-margin-bottom mpce-dsbl-color motopress-margin-top-50\"  data-min-height=\"0\"><div><\/div><\/div>\n<\/div>\n<\/div>\n","protected":false},"excerpt":{"rendered":"PEOPLE FIRST PEOPLE FIRST HOME\/ PEOPLE FIRST 4am Saatchi &#038; Saatchi da un salto importante en la industria de la publicidad en Centroam\u00e9rica. Pasa de ser una agencia dividida en unidades de negocio, que generalmente est\u00e1n desintegradas, a una agencia integrada por unidades de capacidad: DATA, una unidad donde se capta y analiza la informaci\u00f3n &hellip; <p class=\"link-more\"><a href=\"https:\/\/4amsaatchi.com\/elsalvador\/people-first\/\" class=\"more-link\">Continuar leyendo<span class=\"screen-reader-text\"> \u00abPeople First\u00bb<\/span><\/a><\/p>","protected":false},"author":3,"featured_media":8,"parent":0,"menu_order":0,"comment_status":"closed","ping_status":"closed","template":"seccion_peoplefirst.php","meta":{"inline_featured_image":false,"footnotes":""},"yoast_head":"<!-- This site is optimized with the Yoast SEO plugin v22.2 - https:\/\/yoast.com\/wordpress\/plugins\/seo\/ -->\n<title>People First - El Salvador<\/title>\n<meta name=\"robots\" content=\"index, follow, max-snippet:-1, max-image-preview:large, max-video-preview:-1\" \/>\n<link rel=\"canonical\" href=\"https:\/\/4amsaatchi.com\/elsalvador\/people-first\/\" \/>\n<meta property=\"og:locale\" content=\"es_ES\" \/>\n<meta property=\"og:type\" content=\"article\" \/>\n<meta property=\"og:title\" content=\"People First - El Salvador\" \/>\n<meta property=\"og:description\" content=\"PEOPLE FIRST PEOPLE FIRST HOME\/ PEOPLE FIRST 4am Saatchi &#038; Saatchi da un salto importante en la industria de la publicidad en Centroam\u00e9rica. Pasa de ser una agencia dividida en unidades de negocio, que generalmente est\u00e1n desintegradas, a una agencia integrada por unidades de capacidad: DATA, una unidad donde se capta y analiza la informaci\u00f3n &hellip; Continuar leyendo &quot;People First&quot;\" \/>\n<meta property=\"og:url\" content=\"https:\/\/4amsaatchi.com\/elsalvador\/people-first\/\" \/>\n<meta property=\"og:site_name\" content=\"El Salvador\" \/>\n<meta property=\"article:modified_time\" content=\"2019-01-16T15:15:39+00:00\" \/>\n<meta property=\"og:image\" content=\"https:\/\/4amsaatchi.com\/elsalvador\/wp-content\/uploads\/sites\/2\/2018\/04\/sandwich.jpg\" \/>\n\t<meta property=\"og:image:width\" content=\"2000\" \/>\n\t<meta property=\"og:image:height\" content=\"1200\" \/>\n\t<meta property=\"og:image:type\" content=\"image\/jpeg\" \/>\n<meta name=\"twitter:card\" content=\"summary_large_image\" \/>\n<meta name=\"twitter:label1\" content=\"Tiempo de lectura\" \/>\n\t<meta name=\"twitter:data1\" content=\"1 minuto\" \/>\n<script type=\"application\/ld+json\" class=\"yoast-schema-graph\">{\"@context\":\"https:\/\/schema.org\",\"@graph\":[{\"@type\":\"WebPage\",\"@id\":\"https:\/\/4amsaatchi.com\/elsalvador\/people-first\/\",\"url\":\"https:\/\/4amsaatchi.com\/elsalvador\/people-first\/\",\"name\":\"People First - El Salvador\",\"isPartOf\":{\"@id\":\"https:\/\/4amsaatchi.com\/elsalvador\/#website\"},\"primaryImageOfPage\":{\"@id\":\"https:\/\/4amsaatchi.com\/elsalvador\/people-first\/#primaryimage\"},\"image\":{\"@id\":\"https:\/\/4amsaatchi.com\/elsalvador\/people-first\/#primaryimage\"},\"thumbnailUrl\":\"https:\/\/4amsaatchi.com\/elsalvador\/wp-content\/uploads\/sites\/2\/2018\/04\/sandwich.jpg\",\"datePublished\":\"2018-04-30T19:29:15+00:00\",\"dateModified\":\"2019-01-16T15:15:39+00:00\",\"breadcrumb\":{\"@id\":\"https:\/\/4amsaatchi.com\/elsalvador\/people-first\/#breadcrumb\"},\"inLanguage\":\"es\",\"potentialAction\":[{\"@type\":\"ReadAction\",\"target\":[\"https:\/\/4amsaatchi.com\/elsalvador\/people-first\/\"]}]},{\"@type\":\"ImageObject\",\"inLanguage\":\"es\",\"@id\":\"https:\/\/4amsaatchi.com\/elsalvador\/people-first\/#primaryimage\",\"url\":\"https:\/\/4amsaatchi.com\/elsalvador\/wp-content\/uploads\/sites\/2\/2018\/04\/sandwich.jpg\",\"contentUrl\":\"https:\/\/4amsaatchi.com\/elsalvador\/wp-content\/uploads\/sites\/2\/2018\/04\/sandwich.jpg\",\"width\":2000,\"height\":1200},{\"@type\":\"BreadcrumbList\",\"@id\":\"https:\/\/4amsaatchi.com\/elsalvador\/people-first\/#breadcrumb\",\"itemListElement\":[{\"@type\":\"ListItem\",\"position\":1,\"name\":\"Portada\",\"item\":\"https:\/\/4amsaatchi.com\/elsalvador\/\"},{\"@type\":\"ListItem\",\"position\":2,\"name\":\"People First\"}]},{\"@type\":\"WebSite\",\"@id\":\"https:\/\/4amsaatchi.com\/elsalvador\/#website\",\"url\":\"https:\/\/4amsaatchi.com\/elsalvador\/\",\"name\":\"El Salvador\",\"description\":\"\",\"potentialAction\":[{\"@type\":\"SearchAction\",\"target\":{\"@type\":\"EntryPoint\",\"urlTemplate\":\"https:\/\/4amsaatchi.com\/elsalvador\/?s={search_term_string}\"},\"query-input\":\"required name=search_term_string\"}],\"inLanguage\":\"es\"}]}<\/script>\n<!-- \/ Yoast SEO plugin. -->","yoast_head_json":{"title":"People First - El Salvador","robots":{"index":"index","follow":"follow","max-snippet":"max-snippet:-1","max-image-preview":"max-image-preview:large","max-video-preview":"max-video-preview:-1"},"canonical":"https:\/\/4amsaatchi.com\/elsalvador\/people-first\/","og_locale":"es_ES","og_type":"article","og_title":"People First - El Salvador","og_description":"PEOPLE FIRST PEOPLE FIRST HOME\/ PEOPLE FIRST 4am Saatchi &#038; Saatchi da un salto importante en la industria de la publicidad en Centroam\u00e9rica. Pasa de ser una agencia dividida en unidades de negocio, que generalmente est\u00e1n desintegradas, a una agencia integrada por unidades de capacidad: DATA, una unidad donde se capta y analiza la informaci\u00f3n &hellip; Continuar leyendo \"People First\"","og_url":"https:\/\/4amsaatchi.com\/elsalvador\/people-first\/","og_site_name":"El Salvador","article_modified_time":"2019-01-16T15:15:39+00:00","og_image":[{"width":2000,"height":1200,"url":"https:\/\/4amsaatchi.com\/elsalvador\/wp-content\/uploads\/sites\/2\/2018\/04\/sandwich.jpg","type":"image\/jpeg"}],"twitter_card":"summary_large_image","twitter_misc":{"Tiempo de lectura":"1 minuto"},"schema":{"@context":"https:\/\/schema.org","@graph":[{"@type":"WebPage","@id":"https:\/\/4amsaatchi.com\/elsalvador\/people-first\/","url":"https:\/\/4amsaatchi.com\/elsalvador\/people-first\/","name":"People First - El Salvador","isPartOf":{"@id":"https:\/\/4amsaatchi.com\/elsalvador\/#website"},"primaryImageOfPage":{"@id":"https:\/\/4amsaatchi.com\/elsalvador\/people-first\/#primaryimage"},"image":{"@id":"https:\/\/4amsaatchi.com\/elsalvador\/people-first\/#primaryimage"},"thumbnailUrl":"https:\/\/4amsaatchi.com\/elsalvador\/wp-content\/uploads\/sites\/2\/2018\/04\/sandwich.jpg","datePublished":"2018-04-30T19:29:15+00:00","dateModified":"2019-01-16T15:15:39+00:00","breadcrumb":{"@id":"https:\/\/4amsaatchi.com\/elsalvador\/people-first\/#breadcrumb"},"inLanguage":"es","potentialAction":[{"@type":"ReadAction","target":["https:\/\/4amsaatchi.com\/elsalvador\/people-first\/"]}]},{"@type":"ImageObject","inLanguage":"es","@id":"https:\/\/4amsaatchi.com\/elsalvador\/people-first\/#primaryimage","url":"https:\/\/4amsaatchi.com\/elsalvador\/wp-content\/uploads\/sites\/2\/2018\/04\/sandwich.jpg","contentUrl":"https:\/\/4amsaatchi.com\/elsalvador\/wp-content\/uploads\/sites\/2\/2018\/04\/sandwich.jpg","width":2000,"height":1200},{"@type":"BreadcrumbList","@id":"https:\/\/4amsaatchi.com\/elsalvador\/people-first\/#breadcrumb","itemListElement":[{"@type":"ListItem","position":1,"name":"Portada","item":"https:\/\/4amsaatchi.com\/elsalvador\/"},{"@type":"ListItem","position":2,"name":"People First"}]},{"@type":"WebSite","@id":"https:\/\/4amsaatchi.com\/elsalvador\/#website","url":"https:\/\/4amsaatchi.com\/elsalvador\/","name":"El Salvador","description":"","potentialAction":[{"@type":"SearchAction","target":{"@type":"EntryPoint","urlTemplate":"https:\/\/4amsaatchi.com\/elsalvador\/?s={search_term_string}"},"query-input":"required name=search_term_string"}],"inLanguage":"es"}]}},"_links":{"self":[{"href":"https:\/\/4amsaatchi.com\/elsalvador\/wp-json\/wp\/v2\/pages\/11"}],"collection":[{"href":"https:\/\/4amsaatchi.com\/elsalvador\/wp-json\/wp\/v2\/pages"}],"about":[{"href":"https:\/\/4amsaatchi.com\/elsalvador\/wp-json\/wp\/v2\/types\/page"}],"author":[{"embeddable":true,"href":"https:\/\/4amsaatchi.com\/elsalvador\/wp-json\/wp\/v2\/users\/3"}],"replies":[{"embeddable":true,"href":"https:\/\/4amsaatchi.com\/elsalvador\/wp-json\/wp\/v2\/comments?post=11"}],"version-history":[{"count":154,"href":"https:\/\/4amsaatchi.com\/elsalvador\/wp-json\/wp\/v2\/pages\/11\/revisions"}],"predecessor-version":[{"id":1577,"href":"https:\/\/4amsaatchi.com\/elsalvador\/wp-json\/wp\/v2\/pages\/11\/revisions\/1577"}],"wp:featuredmedia":[{"embeddable":true,"href":"https:\/\/4amsaatchi.com\/elsalvador\/wp-json\/wp\/v2\/media\/8"}],"wp:attachment":[{"href":"https:\/\/4amsaatchi.com\/elsalvador\/wp-json\/wp\/v2\/media?parent=11"}],"curies":[{"name":"wp","href":"https:\/\/api.w.org\/{rel}","templated":true}]}}