{"id":12,"date":"2018-04-30T19:29:15","date_gmt":"2018-04-30T19:29:15","guid":{"rendered":"https:\/\/4amsaatchi.com\/?page_id=12"},"modified":"2019-02-06T23:09:40","modified_gmt":"2019-02-06T23:09:40","slug":"contact","status":"publish","type":"page","link":"https:\/\/4amsaatchi.com\/costarica\/contact\/","title":{"rendered":"Contact"},"content":{"rendered":"<div class=\"mp-row-fluid motopress-row mp-row-fullwidth mpce-prvt-12-5af3005c8d252 mpce-dsbl-margin-left mpce-dsbl-margin-right\">\n<div class=\"motopress-clmn mp-span12  mpce-dsbl-margin-left mpce-dsbl-margin-right\">\n<div class=\"mp-row-fluid motopress-row mpce-dsbl-margin-left mpce-dsbl-margin-right\">\n<div class=\"motopress-clmn mp-span12 mpce-dsbl-margin-left mpce-dsbl-margin-right\">\n<div class=\"motopress-code-obj motopress-margin-top-10\">\n<div class=\"col-md-6 col-sm-6 col-xs-12 text-center\"><img decoding=\"async\" class=\"alignnone size-full wp-image-66\" src=\"https:\/\/4amsaatchi.com\/wp-content\/uploads\/sites\/4\/2018\/05\/mano.png\" alt=\"\" height=\"450\" srcset=\"https:\/\/4amsaatchi.com\/costarica\/wp-content\/uploads\/sites\/4\/2018\/05\/mano.png 735w, https:\/\/4amsaatchi.com\/costarica\/wp-content\/uploads\/sites\/4\/2018\/05\/mano-248x300.png 248w\" sizes=\"(max-width: 735px) 100vw, 735px\" \/><\/div>\n<div class=\"col-md-6 col-sm-6 col-xs-12 text-center\">\n<h4 class=\"title-news-negro margin-top\"><img decoding=\"async\" class=\"alignnone size-full wp-image-329\" src=\"https:\/\/4amsaatchi.com\/wp-content\/uploads\/sites\/4\/2018\/05\/rayo-rojo.svg\" alt=\"\" height=\"40px\" \/>CONTACTO<a href=\"https:\/\/4amsaatchi.com\/wp-content\/uploads\/sites\/4\/2018\/05\/rayo.svg\"><img decoding=\"async\" class=\"alignnone size-full wp-image-329\" src=\"https:\/\/4amsaatchi.com\/wp-content\/uploads\/sites\/4\/2018\/05\/rayo-rojo.svg\" alt=\"\" \/><\/a><\/h4>\n\n<div class=\"wpcf7 no-js\" id=\"wpcf7-f390-o1\" lang=\"es-ES\" dir=\"ltr\">\n<div class=\"screen-reader-response\"><p role=\"status\" aria-live=\"polite\" aria-atomic=\"true\"><\/p> <ul><\/ul><\/div>\n<form action=\"\/costarica\/wp-json\/wp\/v2\/pages\/12#wpcf7-f390-o1\" method=\"post\" class=\"wpcf7-form init\" aria-label=\"Formulario de contacto\" novalidate=\"novalidate\" data-status=\"init\">\n<div style=\"display: none;\">\n<input type=\"hidden\" name=\"_wpcf7\" value=\"390\" \/>\n<input type=\"hidden\" name=\"_wpcf7_version\" value=\"5.9.2\" \/>\n<input type=\"hidden\" name=\"_wpcf7_locale\" value=\"es_ES\" \/>\n<input type=\"hidden\" name=\"_wpcf7_unit_tag\" value=\"wpcf7-f390-o1\" \/>\n<input type=\"hidden\" name=\"_wpcf7_container_post\" value=\"0\" \/>\n<input type=\"hidden\" name=\"_wpcf7_posted_data_hash\" value=\"\" \/>\n<input type=\"hidden\" name=\"_wpcf7_recaptcha_response\" value=\"\" \/>\n<\/div>\n<div class=\"contacto-home contact-form\">\n\t<div class=\"col-md-12\">\n\t\t<p><span class=\"wpcf7-form-control-wrap\" data-name=\"your-name\"><input size=\"40\" class=\"wpcf7-form-control wpcf7-text wpcf7-validates-as-required\" aria-required=\"true\" aria-invalid=\"false\" placeholder=\"Nombre\" value=\"\" type=\"text\" name=\"your-name\" \/><\/span>\n\t\t<\/p>\n\t<\/div>\n\t<div class=\"col-md-12\">\n\t\t<p><span class=\"wpcf7-form-control-wrap\" data-name=\"your-email\"><input size=\"40\" class=\"wpcf7-form-control wpcf7-email wpcf7-validates-as-required wpcf7-text wpcf7-validates-as-email\" aria-required=\"true\" aria-invalid=\"false\" placeholder=\"Correo Electr\u00f3nico\" value=\"\" type=\"email\" name=\"your-email\" \/><\/span>\n\t\t<\/p>\n\t<\/div>\n\t<div class=\"col-md-12\">\n\t\t<p><span class=\"wpcf7-form-control-wrap\" data-name=\"your-message\"><textarea cols=\"40\" rows=\"10\" class=\"wpcf7-form-control wpcf7-textarea\" aria-invalid=\"false\" placeholder=\"Mensaje\" name=\"your-message\"><\/textarea><\/span>\n\t\t<\/p>\n\t<\/div>\n\t<div class=\"btn-enviar\">\n\t\t<p><input class=\"wpcf7-form-control wpcf7-submit has-spinner\" type=\"submit\" value=\"Enviar\" \/>\n\t\t<\/p>\n\t<\/div>\n<\/div><div class=\"wpcf7-response-output\" aria-hidden=\"true\"><\/div>\n<\/form>\n<\/div>\n\n<\/div>\n<\/div>\n<\/div>\n<\/div>\n<div class=\"mp-row-fluid motopress-row mpce-dsbl-margin-left mpce-dsbl-margin-right\">\n<div class=\"motopress-clmn mp-span12 mpce-prvt-12-5af32d064217f mpce-dsbl-margin-left mpce-dsbl-margin-right  motopress-space\">\n<div class=\"motopress-space-obj mpce-dsbl-background-image-type mpce-dsbl-background-image mpce-dsbl-background-gradient mpce-dsbl-background-position mpce-dsbl-background-position-x mpce-dsbl-background-position-y mpce-dsbl-background-repeat mpce-dsbl-background-size mpce-dsbl-background-attachment mpce-dsbl-margin-left mpce-dsbl-margin-right mpce-dsbl-background-color mpce-dsbl-border-top-width mpce-dsbl-border-bottom-width mpce-dsbl-border-left-width mpce-dsbl-border-right-width mpce-dsbl-border-top-left-radius mpce-dsbl-border-top-right-radius mpce-dsbl-border-bottom-left-radius mpce-dsbl-border-bottom-right-radius mpce-dsbl-border-style mpce-dsbl-border-color mpce-dsbl-padding-left mpce-dsbl-padding-right mpce-dsbl-margin-top mpce-dsbl-margin-bottom mpce-dsbl-color motopress-margin-top-25\"  data-min-height=\"0\"><div><\/div><\/div>\n<\/div>\n<\/div>\n<\/div>\n<\/div>\n<div class=\"mp-row-fluid motopress-row mpce-dsbl-margin-left mpce-dsbl-margin-right\">\n<div class=\"motopress-clmn mp-span12  mpce-dsbl-margin-left mpce-dsbl-margin-right\">\n<div class=\"mp-row-fluid motopress-row mpce-dsbl-margin-left mpce-dsbl-margin-right\">\n<div class=\"motopress-clmn mp-span12 mpce-dsbl-margin-left mpce-dsbl-margin-right\">\n<div class=\"motopress-code-obj motopress-margin-top-10\">\n<div class=\"col-lg-4 col-md-4 col-sm-6 col-xs-12 text-center\">\n<h2 class=\"title-news-negro margin-top titulo-ciudad\">Costa Rica<\/h2>\n<div class=\"barra-roja\">\u00a0<\/div>\n<p><span class=\"direccion-tel\">DIRECCI\u00d3N:<\/span><br \/><span class=\"ubicacion-numero\"><br \/>Parque Industrial Condal Tib\u00e1s,<\/span><br \/><span class=\"ubicacion-numero\"><br \/>Bodega #7<br \/><\/span><br \/><span class=\"direccion-tel\">TEL\u00c9FONO:<\/span><br \/><span class=\"ubicacion-numero\"><br \/>+506 22350444<br \/><\/span><\/p>\n<\/div>\n<div class=\"col-lg-4 col-md-4 col-sm-6 col-xs-12 text-center\">\n<h2 class=\"title-news-negro margin-top titulo-ciudad\">Guatemala<\/h2>\n<div class=\"barra-roja\">\u00a0<\/div>\n<p><span class=\"direccion-tel\">DIRECCI\u00d3N:<\/span><br \/><span class=\"ubicacion-numero\"><br \/>4am\u00a0Saatchi &amp; Saatchi<br \/>16 Calle, 1-01 Z.10 C.C. Pza.Obelisco Loc. 18A<\/span><br \/><span class=\"ubicacion-numero\"><br \/>Guatemala<br \/><\/span><br \/><span class=\"direccion-tel\">TEL\u00c9FONO:<\/span><br \/><span class=\"ubicacion-numero\"><br \/>+502 2429 1111<br \/><\/span><\/p>\n<\/div>\n<div class=\"col-lg-4 col-md-4 col-sm-6 col-xs-12 text-center\">\n<h2 class=\"title-news-negro margin-top titulo-ciudad\">Honduras<\/h2>\n<div class=\"barra-roja\">\u00a0<\/div>\n<p><span class=\"direccion-tel\">DIRECCI\u00d3N:<\/span><br \/><span class=\"ubicacion-numero\"><br \/>Blvd. Suyapa,<br \/>Edif. \u00a0Metr\u00f3polis, T2 Local 22106<\/span><br \/><span class=\"ubicacion-numero\"><br \/>Tegucigalpa, Honduras<br \/><\/span><br \/><span class=\"direccion-tel\">TEL\u00c9FONO:<\/span><br \/><span class=\"ubicacion-numero\"><br \/>+504\u00a02275 9995\/96<br \/><\/span><\/p>\n<\/div>\n<p><!--<\/p>\n\n\n\n\n<div class=\"col-lg-offset-2 col-md-offset-2 col-sm-offset-0 col-xs-offset-0 col-lg-4 col-md-4 col-sm-6 col-xs-12 text-center\">\n\n\n<h2 class=\"title-news-negro margin-top titulo-ciudad\">El Salvador<\/h2>\n\n\n\n\n<div class=\"barra-roja\"><\/div>\n\n\n\n\n<p><span class=\"direccion-tel\">DIRECCI\u00d3N:<\/span><br \/>\n<span class=\"ubicacion-numero\"><br \/>\nFinal Calle La Mascota #5215<\/span><br \/>\n<span class=\"ubicacion-numero\"><br \/>\nSan Salvador, EL Salvador<br \/>\n<\/span><br \/>\n<span class=\"direccion-tel\">TEL\u00c9FONO:<\/span><br \/>\n<span class=\"ubicacion-numero\"><br \/>\n+503 2263 4999<br \/>\n<\/span><\/p>\n\n\n<\/div>\n\n\n\n\n<p>--><\/p>\n<div class=\"col-lg-4 col-md-4 col-sm-6 col-xs-12 text-center\">\n<h2 class=\"title-news-negro margin-top titulo-ciudad\">Panam\u00e1<\/h2>\n<div class=\"barra-roja\">\u00a0<\/div>\n<p><span class=\"direccion-tel\">DIRECCI\u00d3N:<\/span><br \/><span class=\"ubicacion-numero\"><br \/>Av. La Rotonda, Edif. PH Castellammare, Ap. 22F<\/span><br \/><span class=\"ubicacion-numero\"><br \/>Costa Este, Panam\u00e1.<br \/><\/span><br \/><span class=\"direccion-tel\">TEL\u00c9FONO:<\/span><br \/><span class=\"ubicacion-numero\"><br \/>+507 388 0192<br \/><\/span><\/p>\n<\/div>\n<\/div>\n<\/div>\n<\/div>\n<div class=\"mp-row-fluid motopress-row mpce-dsbl-margin-left mpce-dsbl-margin-right\">\n<div class=\"motopress-clmn mp-span12 mpce-prvt-12-5af32d064217f mpce-dsbl-margin-left mpce-dsbl-margin-right  motopress-space\">\n<div class=\"motopress-space-obj mpce-dsbl-background-image-type mpce-dsbl-background-image mpce-dsbl-background-gradient mpce-dsbl-background-position mpce-dsbl-background-position-x mpce-dsbl-background-position-y mpce-dsbl-background-repeat mpce-dsbl-background-size mpce-dsbl-background-attachment mpce-dsbl-margin-left mpce-dsbl-margin-right mpce-dsbl-background-color mpce-dsbl-border-top-width mpce-dsbl-border-bottom-width mpce-dsbl-border-left-width mpce-dsbl-border-right-width mpce-dsbl-border-top-left-radius mpce-dsbl-border-top-right-radius mpce-dsbl-border-bottom-left-radius mpce-dsbl-border-bottom-right-radius mpce-dsbl-border-style mpce-dsbl-border-color mpce-dsbl-padding-left mpce-dsbl-padding-right mpce-dsbl-margin-top mpce-dsbl-margin-bottom mpce-dsbl-color\"  data-min-height=\"0\"><div><\/div><\/div>\n<\/div>\n<\/div>\n<\/div>\n<\/div>\n<div class=\"mp-row-fluid motopress-row mp-row-fullwidth-content mpce-dsbl-margin-left mpce-dsbl-margin-right\">\n<div class=\"motopress-clmn mp-span12  mpce-dsbl-margin-left mpce-dsbl-margin-right\">\n<div class=\"barra-larga\"><\/div>\n<style>.gm-style-iw { line-height: inherit !important;}<\/style><div class=\"wpgmp_map_container wpgmp-map-1\" rel=\"map1\" data-plugin-version=\"4.6.9\"><div class=\"wpgmp_map_parent\"><div class=\"wpgmp_map \" style=\"width:100%; height:450px;\" id=\"map1\" data-map-id=\"1\"><\/div><\/div><\/div><script id=\"script-map-data-1\">jQuery(document).ready(function($){ window.wpgmp = window.wpgmp || {}; window.wpgmp.mapdata1 = \"eyJtYXBfb3B0aW9ucyI6eyJjZW50ZXJfbGF0IjoiMTIuMDMwNzM5OSIsImNlbnRlcl9sbmciOiItODYuNTk4NDcwMSIsInpvb20iOjYsIm1hcF90eXBlX2lkIjoiUk9BRE1BUCIsImZpdF9ib3VuZHMiOmZhbHNlLCJkcmFnZ2FibGUiOmZhbHNlLCJzY3JvbGxfd2hlZWwiOnRydWUsImRpc3BsYXlfNDVfaW1hZ2VyeSI6IiIsIm1hcmtlcl9kZWZhdWx0X2ljb24iOiJodHRwczpcL1wvNGFtc2FhdGNoaS5jb21cL2Nvc3RhcmljYVwvd3AtY29udGVudFwvdXBsb2Fkc1wvc2l0ZXNcLzRcLzIwMTlcLzAyXC9zcG90bGlnaHQtcG9pMi5wbmciLCJpbmZvd2luZG93X3NldHRpbmciOiIiLCJpbmZvd2luZG93X2JvdW5jZV9hbmltYXRpb24iOiIiLCJpbmZvd2luZG93X2Ryb3BfYW5pbWF0aW9uIjpmYWxzZSwiY2xvc2VfaW5mb3dpbmRvd19vbl9tYXBfY2xpY2siOmZhbHNlLCJpbmZvd2luZG93X3NraW4iOiIiLCJkZWZhdWx0X2luZm93aW5kb3dfb3BlbiI6ZmFsc2UsImluZm93aW5kb3dfb3Blbl9ldmVudCI6ImNsaWNrIiwiZnVsbF9zY3JlZW5fY29udHJvbCI6dHJ1ZSwic2VhcmNoX2NvbnRyb2wiOnRydWUsInpvb21fY29udHJvbCI6dHJ1ZSwibWFwX3R5cGVfY29udHJvbCI6dHJ1ZSwic3RyZWV0X3ZpZXdfY29udHJvbCI6dHJ1ZSwiZnVsbF9zY3JlZW5fY29udHJvbF9wb3NpdGlvbiI6IlRPUF9SSUdIVCIsInNlYXJjaF9jb250cm9sX3Bvc2l0aW9uIjoiVE9QX0xFRlQiLCJ6b29tX2NvbnRyb2xfcG9zaXRpb24iOiJUT1BfTEVGVCIsIm1hcF90eXBlX2NvbnRyb2xfcG9zaXRpb24iOiJUT1BfUklHSFQiLCJtYXBfdHlwZV9jb250cm9sX3N0eWxlIjoiSE9SSVpPTlRBTF9CQVIiLCJzdHJlZXRfdmlld19jb250cm9sX3Bvc2l0aW9uIjoiVE9QX0xFRlQiLCJtYXBfY29udHJvbCI6dHJ1ZSwibWFwX2NvbnRyb2xfc2V0dGluZ3MiOmZhbHNlLCJtYXBfem9vbV9hZnRlcl9zZWFyY2giOjYsIndpZHRoIjoiMTAwJSIsImhlaWdodCI6IjQ1MCJ9LCJwbGFjZXMiOlt7ImlkIjoiMSIsInRpdGxlIjoiR3VhdGVtYWxhIiwiYWRkcmVzcyI6Ikd1YXRlbWFsYSIsInNvdXJjZSI6Im1hbnVhbCIsImNvbnRlbnQiOiJHdWF0ZW1hbGEiLCJsb2NhdGlvbiI6eyJpY29uIjoiaHR0cHM6XC9cLzRhbXNhYXRjaGkuY29tXC9jb3N0YXJpY2FcL3dwLWNvbnRlbnRcL3VwbG9hZHNcL3NpdGVzXC80XC8yMDE5XC8wMlwvc3BvdGxpZ2h0LXBvaTIucG5nIiwibGF0IjoiMTQuNTk2MDE1MDEwOTU4MzM2IiwibG5nIjoiLTkwLjQ1MDQ4NTU2MjQ5OTk4IiwiY2l0eSI6IiIsInN0YXRlIjoiR3VhdGVtYWxhIiwiY291bnRyeSI6Ikd1YXRlbWFsYSIsIm9uY2xpY2tfYWN0aW9uIjoibWFya2VyIiwicmVkaXJlY3RfY3VzdG9tX2xpbmsiOiIiLCJtYXJrZXJfaW1hZ2UiOiIiLCJvcGVuX25ld190YWIiOiJ5ZXMiLCJwb3N0YWxfY29kZSI6IjAxMDAxIiwiZHJhZ2dhYmxlIjpmYWxzZSwiaW5mb3dpbmRvd19kZWZhdWx0X29wZW4iOmZhbHNlLCJhbmltYXRpb24iOiJCT1VOQ0UiLCJpbmZvd2luZG93X2Rpc2FibGUiOnRydWUsInpvb20iOjUsImV4dHJhX2ZpZWxkcyI6IiJ9LCJjYXRlZ29yaWVzIjpbeyJpZCI6IjEiLCJuYW1lIjoiNEFNIFNhYXRjaGkgJiBTYWF0Y2hpIC0gQ29zdGEgUmljYSIsInR5cGUiOiJjYXRlZ29yeSIsImV4dGVuc2lvbl9maWVsZHMiOltdLCJpY29uIjoiaHR0cHM6XC9cLzRhbXNhYXRjaGkuY29tXC9jb3N0YXJpY2FcL3dwLWNvbnRlbnRcL3VwbG9hZHNcL3NpdGVzXC80XC8yMDE5XC8wMlwvc3BvdGxpZ2h0LXBvaTIucG5nIn1dLCJjdXN0b21fZmlsdGVycyI6IiJ9LHsiaWQiOiIyIiwidGl0bGUiOiJIb25kdXJhcyIsImFkZHJlc3MiOiJIb25kdXJhcyIsInNvdXJjZSI6Im1hbnVhbCIsImNvbnRlbnQiOiJIb25kdXJhcyIsImxvY2F0aW9uIjp7Imljb24iOiJodHRwczpcL1wvNGFtc2FhdGNoaS5jb21cL2Nvc3RhcmljYVwvd3AtY29udGVudFwvdXBsb2Fkc1wvc2l0ZXNcLzRcLzIwMTlcLzAyXC9zcG90bGlnaHQtcG9pMi5wbmciLCJsYXQiOiIxNC4wNzMyNjEwNjE5ODkzNzYiLCJsbmciOiItODcuMTc1NzQyODkwNjI0OTciLCJjaXR5IjoiVGVndWNpZ2FscGEiLCJzdGF0ZSI6IkRlcGFydGFtZW50byBkZSBGcmFuY2lzY28gTW9yYXpcdTAwZTFuIiwiY291bnRyeSI6IkhvbmR1cmFzIiwib25jbGlja19hY3Rpb24iOiJtYXJrZXIiLCJyZWRpcmVjdF9jdXN0b21fbGluayI6IiIsIm1hcmtlcl9pbWFnZSI6IiIsIm9wZW5fbmV3X3RhYiI6InllcyIsInBvc3RhbF9jb2RlIjoiIiwiZHJhZ2dhYmxlIjpmYWxzZSwiaW5mb3dpbmRvd19kZWZhdWx0X29wZW4iOmZhbHNlLCJhbmltYXRpb24iOiJCT1VOQ0UiLCJpbmZvd2luZG93X2Rpc2FibGUiOnRydWUsInpvb20iOjUsImV4dHJhX2ZpZWxkcyI6IiJ9LCJjYXRlZ29yaWVzIjpbeyJpZCI6IjEiLCJuYW1lIjoiNEFNIFNhYXRjaGkgJiBTYWF0Y2hpIC0gQ29zdGEgUmljYSIsInR5cGUiOiJjYXRlZ29yeSIsImV4dGVuc2lvbl9maWVsZHMiOltdLCJpY29uIjoiaHR0cHM6XC9cLzRhbXNhYXRjaGkuY29tXC9jb3N0YXJpY2FcL3dwLWNvbnRlbnRcL3VwbG9hZHNcL3NpdGVzXC80XC8yMDE5XC8wMlwvc3BvdGxpZ2h0LXBvaTIucG5nIn1dLCJjdXN0b21fZmlsdGVycyI6IiJ9LHsiaWQiOiIzIiwidGl0bGUiOiJDb3N0YSBSaWNhIiwiYWRkcmVzcyI6IkNvc3RhIFJpY2EiLCJzb3VyY2UiOiJtYW51YWwiLCJjb250ZW50IjoiQ29zdGEgUmljYSIsImxvY2F0aW9uIjp7Imljb24iOiJodHRwczpcL1wvNGFtc2FhdGNoaS5jb21cL2Nvc3RhcmljYVwvd3AtY29udGVudFwvdXBsb2Fkc1wvc2l0ZXNcLzRcLzIwMTlcLzAyXC9zcG90bGlnaHQtcG9pMi5wbmciLCJsYXQiOiI5LjkxMTI5MjM5OTYwNDgwMiIsImxuZyI6Ii04NC4wNzIwMzE1MTU2MjQ5OSIsImNpdHkiOiJTYW4gSm9zXHUwMGU5Iiwic3RhdGUiOiJTYW4gSm9zXHUwMGU5IiwiY291bnRyeSI6IkNvc3RhIFJpY2EiLCJvbmNsaWNrX2FjdGlvbiI6Im1hcmtlciIsInJlZGlyZWN0X2N1c3RvbV9saW5rIjoiIiwibWFya2VyX2ltYWdlIjoiIiwib3Blbl9uZXdfdGFiIjoieWVzIiwicG9zdGFsX2NvZGUiOiIiLCJkcmFnZ2FibGUiOmZhbHNlLCJpbmZvd2luZG93X2RlZmF1bHRfb3BlbiI6ZmFsc2UsImFuaW1hdGlvbiI6IkJPVU5DRSIsImluZm93aW5kb3dfZGlzYWJsZSI6dHJ1ZSwiem9vbSI6NSwiZXh0cmFfZmllbGRzIjoiIn0sImNhdGVnb3JpZXMiOlt7ImlkIjoiMSIsIm5hbWUiOiI0QU0gU2FhdGNoaSAmIFNhYXRjaGkgLSBDb3N0YSBSaWNhIiwidHlwZSI6ImNhdGVnb3J5IiwiZXh0ZW5zaW9uX2ZpZWxkcyI6W10sImljb24iOiJodHRwczpcL1wvNGFtc2FhdGNoaS5jb21cL2Nvc3RhcmljYVwvd3AtY29udGVudFwvdXBsb2Fkc1wvc2l0ZXNcLzRcLzIwMTlcLzAyXC9zcG90bGlnaHQtcG9pMi5wbmcifV0sImN1c3RvbV9maWx0ZXJzIjoiIn0seyJpZCI6IjQiLCJ0aXRsZSI6IlBhbmFtYSIsImFkZHJlc3MiOiJQYW5hbWEiLCJzb3VyY2UiOiJtYW51YWwiLCJjb250ZW50IjoiUGFuYW1hIiwibG9jYXRpb24iOnsiaWNvbiI6Imh0dHBzOlwvXC80YW1zYWF0Y2hpLmNvbVwvY29zdGFyaWNhXC93cC1jb250ZW50XC91cGxvYWRzXC9zaXRlc1wvNFwvMjAxOVwvMDJcL3Nwb3RsaWdodC1wb2kyLnBuZyIsImxhdCI6IjguOTI4OTAyMjc2NDQ3NzMzIiwibG5nIjoiLTc5LjUyOTY4NTU5Mzc1IiwiY2l0eSI6IiIsInN0YXRlIjoiUGFuYW1cdTAwZTEiLCJjb3VudHJ5IjoiUGFuYW1hIiwib25jbGlja19hY3Rpb24iOiJtYXJrZXIiLCJyZWRpcmVjdF9jdXN0b21fbGluayI6IiIsIm1hcmtlcl9pbWFnZSI6IiIsIm9wZW5fbmV3X3RhYiI6InllcyIsInBvc3RhbF9jb2RlIjoiIiwiZHJhZ2dhYmxlIjpmYWxzZSwiaW5mb3dpbmRvd19kZWZhdWx0X29wZW4iOmZhbHNlLCJhbmltYXRpb24iOiJCT1VOQ0UiLCJpbmZvd2luZG93X2Rpc2FibGUiOnRydWUsInpvb20iOjUsImV4dHJhX2ZpZWxkcyI6IiJ9LCJjYXRlZ29yaWVzIjpbeyJpZCI6IjEiLCJuYW1lIjoiNEFNIFNhYXRjaGkgJiBTYWF0Y2hpIC0gQ29zdGEgUmljYSIsInR5cGUiOiJjYXRlZ29yeSIsImV4dGVuc2lvbl9maWVsZHMiOltdLCJpY29uIjoiaHR0cHM6XC9cLzRhbXNhYXRjaGkuY29tXC9jb3N0YXJpY2FcL3dwLWNvbnRlbnRcL3VwbG9hZHNcL3NpdGVzXC80XC8yMDE5XC8wMlwvc3BvdGxpZ2h0LXBvaTIucG5nIn1dLCJjdXN0b21fZmlsdGVycyI6IiJ9XSwic3R5bGVzIjoiIiwibGlzdGluZyI6IiIsIm1hcmtlcl9jbHVzdGVyIjoiIiwibWFwX3Byb3BlcnR5Ijp7Im1hcF9pZCI6IjEiLCJkZWJ1Z19tb2RlIjpmYWxzZX19\"; });<\/script>\n<\/div>\n<\/div>\n","protected":false},"excerpt":{"rendered":"CONTACTO Costa Rica \u00a0 DIRECCI\u00d3N:Parque Industrial Condal Tib\u00e1s,Bodega #7TEL\u00c9FONO:+506 22350444 Guatemala \u00a0 DIRECCI\u00d3N:4am\u00a0Saatchi &amp; Saatchi16 Calle, 1-01 Z.10 C.C. Pza.Obelisco Loc. 18AGuatemalaTEL\u00c9FONO:+502 2429 1111 Honduras \u00a0 DIRECCI\u00d3N:Blvd. Suyapa,Edif. \u00a0Metr\u00f3polis, T2 Local 22106Tegucigalpa, HondurasTEL\u00c9FONO:+504\u00a02275 9995\/96 Panam\u00e1 \u00a0 DIRECCI\u00d3N:Av. La Rotonda, Edif. PH Castellammare, Ap. 22FCosta Este, Panam\u00e1.TEL\u00c9FONO:+507 388 0192","protected":false},"author":3,"featured_media":7,"parent":0,"menu_order":0,"comment_status":"closed","ping_status":"closed","template":"contacto.php","meta":{"inline_featured_image":false,"footnotes":""},"yoast_head":"<!-- This site is optimized with the Yoast SEO plugin v22.2 - https:\/\/yoast.com\/wordpress\/plugins\/seo\/ -->\n<title>Contact - Costa Rica<\/title>\n<meta name=\"robots\" content=\"index, follow, max-snippet:-1, max-image-preview:large, max-video-preview:-1\" \/>\n<link rel=\"canonical\" href=\"https:\/\/4amsaatchi.com\/costarica\/contact\/\" \/>\n<meta property=\"og:locale\" content=\"es_ES\" \/>\n<meta property=\"og:type\" content=\"article\" \/>\n<meta property=\"og:title\" content=\"Contact - Costa Rica\" \/>\n<meta property=\"og:description\" content=\"CONTACTO Costa Rica \u00a0 DIRECCI\u00d3N:Parque Industrial Condal Tib\u00e1s,Bodega #7TEL\u00c9FONO:+506 22350444 Guatemala \u00a0 DIRECCI\u00d3N:4am\u00a0Saatchi &amp; Saatchi16 Calle, 1-01 Z.10 C.C. Pza.Obelisco Loc. 18AGuatemalaTEL\u00c9FONO:+502 2429 1111 Honduras \u00a0 DIRECCI\u00d3N:Blvd. Suyapa,Edif. \u00a0Metr\u00f3polis, T2 Local 22106Tegucigalpa, HondurasTEL\u00c9FONO:+504\u00a02275 9995\/96 Panam\u00e1 \u00a0 DIRECCI\u00d3N:Av. La Rotonda, Edif. PH Castellammare, Ap. 22FCosta Este, Panam\u00e1.TEL\u00c9FONO:+507 388 0192\" \/>\n<meta property=\"og:url\" content=\"https:\/\/4amsaatchi.com\/costarica\/contact\/\" \/>\n<meta property=\"og:site_name\" content=\"Costa Rica\" \/>\n<meta property=\"article:modified_time\" content=\"2019-02-06T23:09:40+00:00\" \/>\n<meta property=\"og:image\" content=\"https:\/\/4amsaatchi.com\/costarica\/wp-content\/uploads\/sites\/4\/2018\/04\/espresso.jpg\" \/>\n\t<meta property=\"og:image:width\" content=\"2000\" \/>\n\t<meta property=\"og:image:height\" content=\"1200\" \/>\n\t<meta property=\"og:image:type\" content=\"image\/jpeg\" \/>\n<meta name=\"twitter:card\" content=\"summary_large_image\" \/>\n<script type=\"application\/ld+json\" class=\"yoast-schema-graph\">{\"@context\":\"https:\/\/schema.org\",\"@graph\":[{\"@type\":\"WebPage\",\"@id\":\"https:\/\/4amsaatchi.com\/costarica\/contact\/\",\"url\":\"https:\/\/4amsaatchi.com\/costarica\/contact\/\",\"name\":\"Contact - Costa Rica\",\"isPartOf\":{\"@id\":\"https:\/\/4amsaatchi.com\/costarica\/#website\"},\"primaryImageOfPage\":{\"@id\":\"https:\/\/4amsaatchi.com\/costarica\/contact\/#primaryimage\"},\"image\":{\"@id\":\"https:\/\/4amsaatchi.com\/costarica\/contact\/#primaryimage\"},\"thumbnailUrl\":\"https:\/\/4amsaatchi.com\/costarica\/wp-content\/uploads\/sites\/4\/2018\/04\/espresso.jpg\",\"datePublished\":\"2018-04-30T19:29:15+00:00\",\"dateModified\":\"2019-02-06T23:09:40+00:00\",\"breadcrumb\":{\"@id\":\"https:\/\/4amsaatchi.com\/costarica\/contact\/#breadcrumb\"},\"inLanguage\":\"es\",\"potentialAction\":[{\"@type\":\"ReadAction\",\"target\":[\"https:\/\/4amsaatchi.com\/costarica\/contact\/\"]}]},{\"@type\":\"ImageObject\",\"inLanguage\":\"es\",\"@id\":\"https:\/\/4amsaatchi.com\/costarica\/contact\/#primaryimage\",\"url\":\"https:\/\/4amsaatchi.com\/costarica\/wp-content\/uploads\/sites\/4\/2018\/04\/espresso.jpg\",\"contentUrl\":\"https:\/\/4amsaatchi.com\/costarica\/wp-content\/uploads\/sites\/4\/2018\/04\/espresso.jpg\",\"width\":2000,\"height\":1200},{\"@type\":\"BreadcrumbList\",\"@id\":\"https:\/\/4amsaatchi.com\/costarica\/contact\/#breadcrumb\",\"itemListElement\":[{\"@type\":\"ListItem\",\"position\":1,\"name\":\"Portada\",\"item\":\"https:\/\/4amsaatchi.com\/costarica\/\"},{\"@type\":\"ListItem\",\"position\":2,\"name\":\"Contact\"}]},{\"@type\":\"WebSite\",\"@id\":\"https:\/\/4amsaatchi.com\/costarica\/#website\",\"url\":\"https:\/\/4amsaatchi.com\/costarica\/\",\"name\":\"Costa Rica\",\"description\":\"\",\"potentialAction\":[{\"@type\":\"SearchAction\",\"target\":{\"@type\":\"EntryPoint\",\"urlTemplate\":\"https:\/\/4amsaatchi.com\/costarica\/?s={search_term_string}\"},\"query-input\":\"required name=search_term_string\"}],\"inLanguage\":\"es\"}]}<\/script>\n<!-- \/ Yoast SEO plugin. -->","yoast_head_json":{"title":"Contact - Costa Rica","robots":{"index":"index","follow":"follow","max-snippet":"max-snippet:-1","max-image-preview":"max-image-preview:large","max-video-preview":"max-video-preview:-1"},"canonical":"https:\/\/4amsaatchi.com\/costarica\/contact\/","og_locale":"es_ES","og_type":"article","og_title":"Contact - Costa Rica","og_description":"CONTACTO Costa Rica \u00a0 DIRECCI\u00d3N:Parque Industrial Condal Tib\u00e1s,Bodega #7TEL\u00c9FONO:+506 22350444 Guatemala \u00a0 DIRECCI\u00d3N:4am\u00a0Saatchi &amp; Saatchi16 Calle, 1-01 Z.10 C.C. Pza.Obelisco Loc. 18AGuatemalaTEL\u00c9FONO:+502 2429 1111 Honduras \u00a0 DIRECCI\u00d3N:Blvd. Suyapa,Edif. \u00a0Metr\u00f3polis, T2 Local 22106Tegucigalpa, HondurasTEL\u00c9FONO:+504\u00a02275 9995\/96 Panam\u00e1 \u00a0 DIRECCI\u00d3N:Av. La Rotonda, Edif. PH Castellammare, Ap. 22FCosta Este, Panam\u00e1.TEL\u00c9FONO:+507 388 0192","og_url":"https:\/\/4amsaatchi.com\/costarica\/contact\/","og_site_name":"Costa Rica","article_modified_time":"2019-02-06T23:09:40+00:00","og_image":[{"width":2000,"height":1200,"url":"https:\/\/4amsaatchi.com\/costarica\/wp-content\/uploads\/sites\/4\/2018\/04\/espresso.jpg","type":"image\/jpeg"}],"twitter_card":"summary_large_image","schema":{"@context":"https:\/\/schema.org","@graph":[{"@type":"WebPage","@id":"https:\/\/4amsaatchi.com\/costarica\/contact\/","url":"https:\/\/4amsaatchi.com\/costarica\/contact\/","name":"Contact - Costa Rica","isPartOf":{"@id":"https:\/\/4amsaatchi.com\/costarica\/#website"},"primaryImageOfPage":{"@id":"https:\/\/4amsaatchi.com\/costarica\/contact\/#primaryimage"},"image":{"@id":"https:\/\/4amsaatchi.com\/costarica\/contact\/#primaryimage"},"thumbnailUrl":"https:\/\/4amsaatchi.com\/costarica\/wp-content\/uploads\/sites\/4\/2018\/04\/espresso.jpg","datePublished":"2018-04-30T19:29:15+00:00","dateModified":"2019-02-06T23:09:40+00:00","breadcrumb":{"@id":"https:\/\/4amsaatchi.com\/costarica\/contact\/#breadcrumb"},"inLanguage":"es","potentialAction":[{"@type":"ReadAction","target":["https:\/\/4amsaatchi.com\/costarica\/contact\/"]}]},{"@type":"ImageObject","inLanguage":"es","@id":"https:\/\/4amsaatchi.com\/costarica\/contact\/#primaryimage","url":"https:\/\/4amsaatchi.com\/costarica\/wp-content\/uploads\/sites\/4\/2018\/04\/espresso.jpg","contentUrl":"https:\/\/4amsaatchi.com\/costarica\/wp-content\/uploads\/sites\/4\/2018\/04\/espresso.jpg","width":2000,"height":1200},{"@type":"BreadcrumbList","@id":"https:\/\/4amsaatchi.com\/costarica\/contact\/#breadcrumb","itemListElement":[{"@type":"ListItem","position":1,"name":"Portada","item":"https:\/\/4amsaatchi.com\/costarica\/"},{"@type":"ListItem","position":2,"name":"Contact"}]},{"@type":"WebSite","@id":"https:\/\/4amsaatchi.com\/costarica\/#website","url":"https:\/\/4amsaatchi.com\/costarica\/","name":"Costa Rica","description":"","potentialAction":[{"@type":"SearchAction","target":{"@type":"EntryPoint","urlTemplate":"https:\/\/4amsaatchi.com\/costarica\/?s={search_term_string}"},"query-input":"required name=search_term_string"}],"inLanguage":"es"}]}},"_links":{"self":[{"href":"https:\/\/4amsaatchi.com\/costarica\/wp-json\/wp\/v2\/pages\/12"}],"collection":[{"href":"https:\/\/4amsaatchi.com\/costarica\/wp-json\/wp\/v2\/pages"}],"about":[{"href":"https:\/\/4amsaatchi.com\/costarica\/wp-json\/wp\/v2\/types\/page"}],"author":[{"embeddable":true,"href":"https:\/\/4amsaatchi.com\/costarica\/wp-json\/wp\/v2\/users\/3"}],"replies":[{"embeddable":true,"href":"https:\/\/4amsaatchi.com\/costarica\/wp-json\/wp\/v2\/comments?post=12"}],"version-history":[{"count":67,"href":"https:\/\/4amsaatchi.com\/costarica\/wp-json\/wp\/v2\/pages\/12\/revisions"}],"predecessor-version":[{"id":1622,"href":"https:\/\/4amsaatchi.com\/costarica\/wp-json\/wp\/v2\/pages\/12\/revisions\/1622"}],"wp:featuredmedia":[{"embeddable":true,"href":"https:\/\/4amsaatchi.com\/costarica\/wp-json\/wp\/v2\/media\/7"}],"wp:attachment":[{"href":"https:\/\/4amsaatchi.com\/costarica\/wp-json\/wp\/v2\/media?parent=12"}],"curies":[{"name":"wp","href":"https:\/\/api.w.org\/{rel}","templated":true}]}}